{"id":9509,"date":"2025-03-23T18:27:40","date_gmt":"2025-03-23T18:27:40","guid":{"rendered":"http:\/\/www.utkukitap.com\/?post_type=product&#038;p=9509"},"modified":"2025-03-23T18:27:41","modified_gmt":"2025-03-23T18:27:41","slug":"7-gunde-tyt-turu-ea-sozel","status":"publish","type":"product","link":"http:\/\/www.utkukitap.com\/index.php\/product\/7-gunde-tyt-turu-ea-sozel\/","title":{"rendered":"7 G\u00dcNDE TYT TURU EA-S\u00d6ZEL"},"content":{"rendered":"<p class=\"\" data-start=\"403\" data-end=\"773\"><strong data-start=\"403\" data-end=\"432\">7 G\u00dcNDE TYT TURU EA-S\u00d6ZEL<\/strong>, TYT s\u0131nav\u0131na haz\u0131rlanan <strong data-start=\"458\" data-end=\"500\">e\u015fit a\u011f\u0131rl\u0131k ve s\u00f6zel \u00f6\u011frencileri i\u00e7in<\/strong> \u00f6zel olarak haz\u0131rlanm\u0131\u015f <strong data-start=\"525\" data-end=\"566\">h\u0131zland\u0131r\u0131lm\u0131\u015f bir tekrar program\u0131d\u0131r<\/strong>. <strong data-start=\"568\" data-end=\"588\">7 g\u00fcnl\u00fck program<\/strong> kapsam\u0131nda <strong data-start=\"600\" data-end=\"622\">her g\u00fcne 1 fasik\u00fcl<\/strong> olacak \u015fekilde planlanm\u0131\u015f, <strong data-start=\"650\" data-end=\"742\">konular\u0131 sistematik bir \u015fekilde tekrar ettiren ve yeni nesil sorularla s\u0131nava haz\u0131rlayan<\/strong> \u00f6zel bir i\u00e7erik sunmaktad\u0131r.<\/p>\n<p class=\"\" data-start=\"775\" data-end=\"984\">Bu kitap, <strong data-start=\"785\" data-end=\"844\">T\u00fcrk\u00e7e, Tarih, Co\u011frafya, Felsefe, Matematik ve Geometri<\/strong> derslerini kapsayan <strong data-start=\"865\" data-end=\"905\">detayl\u0131 konu tekrarlar\u0131 ve testlerle<\/strong>, \u00f6\u011frencilerin <strong data-start=\"920\" data-end=\"981\">TYT\u2019ye planl\u0131 ve etkili bir \u015fekilde haz\u0131rlanmas\u0131n\u0131 sa\u011flar<\/strong>.<\/p>\n<p class=\"\" data-start=\"986\" data-end=\"1634\">\ud83d\udcda <strong data-start=\"989\" data-end=\"1007\">Kitap \u0130\u00e7eri\u011fi:<\/strong><br data-start=\"1007\" data-end=\"1010\" \/>\u2705 <strong data-start=\"1012\" data-end=\"1034\">Her g\u00fcne 1 fasik\u00fcl<\/strong> olacak \u015fekilde planlanm\u0131\u015f i\u00e7erik<br data-start=\"1067\" data-end=\"1070\" \/>\u2705 <strong data-start=\"1072\" data-end=\"1131\">Yeni nesil soru formatlar\u0131yla zenginle\u015ftirilmi\u015f testler<\/strong><br data-start=\"1131\" data-end=\"1134\" \/>\u2705 <strong data-start=\"1136\" data-end=\"1213\">T\u00fcrk\u00e7e, Tarih, Co\u011frafya, Felsefe, Matematik ve Geometri derslerini kapsar<\/strong><br data-start=\"1213\" data-end=\"1216\" \/>\u2705 <strong data-start=\"1218\" data-end=\"1248\">Performans Takip \u00c7izelgesi<\/strong> ile ilerlemeyi de\u011ferlendirme f\u0131rsat\u0131<br data-start=\"1285\" data-end=\"1288\" data-is-only-node=\"\" \/>\u2705 <strong data-start=\"1290\" data-end=\"1316\">Sarmal Tarama Testleri<\/strong> ile konular\u0131n s\u00fcrekli peki\u015ftirilmesi<br data-start=\"1353\" data-end=\"1356\" \/>\u2705 <strong data-start=\"1358\" data-end=\"1387\">Y\u00f6netici \u00c7al\u0131\u015fma Program\u0131<\/strong> ile \u00f6\u011frencinin s\u0131nav haz\u0131rl\u0131\u011f\u0131n\u0131 planl\u0131 bir \u015fekilde y\u00fcr\u00fctmesini sa\u011flar<br data-start=\"1458\" data-end=\"1461\" \/>\u2705 <strong data-start=\"1463\" data-end=\"1487\">Konu Da\u011f\u0131l\u0131m Tablosu<\/strong> ile eksiklerin belirlenmesi ve odaklan\u0131lmas\u0131 gereken alanlar\u0131n tespiti<br data-start=\"1558\" data-end=\"1561\" \/>\u2705 <strong data-start=\"1563\" data-end=\"1604\">Video \u00c7\u00f6z\u00fcmleriyle desteklenen i\u00e7erik<\/strong><br data-start=\"1604\" data-end=\"1607\" \/>\u2705 <strong data-start=\"1609\" data-end=\"1632\">Ak\u0131ll\u0131 tahta uyumlu<\/strong><\/p>\n<h3 class=\"\" data-start=\"1636\" data-end=\"1676\"><strong data-start=\"1640\" data-end=\"1674\">Kitab\u0131n \u00d6ne \u00c7\u0131kan \u00d6zellikleri:<\/strong><\/h3>\n<p class=\"\" data-start=\"1677\" data-end=\"2155\">\u2714\ufe0f <strong data-start=\"1680\" data-end=\"1706\">H\u0131zl\u0131 ve etkili tekrar<\/strong>: 7 g\u00fcn i\u00e7inde TYT konular\u0131n\u0131n tamam\u0131n\u0131 tekrar etme imkan\u0131 sunar.<br data-start=\"1771\" data-end=\"1774\" \/>\u2714\ufe0f <strong data-start=\"1777\" data-end=\"1817\">Yeni nesil ve beceri temelli sorular<\/strong>: \u00d6\u011frencilerin <strong data-start=\"1832\" data-end=\"1930\">analitik d\u00fc\u015f\u00fcnme, yorumlama ve problem \u00e7\u00f6zme becerilerini geli\u015ftirmeye y\u00f6nelik sorular i\u00e7erir.<\/strong><br data-start=\"1930\" data-end=\"1933\" \/>\u2714\ufe0f <strong data-start=\"1936\" data-end=\"1963\">Planl\u0131 \u00e7al\u0131\u015fma program\u0131<\/strong>: \u00d6\u011frencilerin <strong data-start=\"1978\" data-end=\"2043\">disiplinli ve d\u00fczenli \u015fekilde s\u0131nava haz\u0131rlanmalar\u0131n\u0131 sa\u011flar.<\/strong><br data-start=\"2043\" data-end=\"2046\" \/>\u2714\ufe0f <strong data-start=\"2049\" data-end=\"2075\">Optimum zaman y\u00f6netimi<\/strong>: S\u0131nav \u00f6ncesi <strong data-start=\"2090\" data-end=\"2153\" data-is-only-node=\"\">en verimli \u015fekilde TYT tekrar\u0131n\u0131 tamamlamaya yard\u0131mc\u0131 olur.<\/strong><\/p>\n<p class=\"\" data-start=\"2157\" data-end=\"2465\">\ud83c\udfaf <strong data-start=\"2160\" data-end=\"2185\">Kimler \u0130\u00e7in Uygundur?<\/strong><br data-start=\"2185\" data-end=\"2188\" \/>\u2705 TYT\u2019ye haz\u0131rlanan <strong data-start=\"2208\" data-end=\"2252\">e\u015fit a\u011f\u0131rl\u0131k ve s\u00f6zel b\u00f6l\u00fcm\u00fc \u00f6\u011frencileri<\/strong><br data-start=\"2252\" data-end=\"2255\" \/>\u2705 K\u0131sa s\u00fcrede t\u00fcm TYT konular\u0131n\u0131 tekrar etmek isteyenler<br data-start=\"2311\" data-end=\"2314\" \/>\u2705 TYT\u2019ye <strong data-start=\"2323\" data-end=\"2382\">sistematik ve planl\u0131 bir \u015fekilde haz\u0131rlanmak isteyenler<\/strong><br data-start=\"2382\" data-end=\"2385\" \/>\u2705 Konulara <strong data-start=\"2396\" data-end=\"2463\">son bir dokunu\u015f yaparak eksiklerini kapatmak isteyen \u00f6\u011frenciler<\/strong><\/p>\n<p class=\"\" data-start=\"2467\" data-end=\"2720\">\ud83d\uded2 <strong data-start=\"2470\" data-end=\"2513\">Utku Kitap Ayr\u0131cal\u0131klar\u0131yla Sat\u0131n Al\u0131n!<\/strong><br data-start=\"2513\" data-end=\"2516\" \/>Utku Kitap olarak, <strong data-start=\"2535\" data-end=\"2607\">\u00f6\u011frenciler ve e\u011fitim kurumlar\u0131 i\u00e7in en kaliteli kaynaklar\u0131 sunuyoruz<\/strong>. Okullara ve kurslara <strong data-start=\"2630\" data-end=\"2654\">toplu tedarik imkan\u0131<\/strong> sa\u011flayarak <strong data-start=\"2666\" data-end=\"2698\">h\u0131zl\u0131 ve g\u00fcvenilir al\u0131\u015fveri\u015f<\/strong> deneyimi sunuyoruz.<\/p>\n<p class=\"\" data-start=\"2722\" data-end=\"2787\">\ud83d\udce6 <strong data-start=\"2725\" data-end=\"2759\">Sipari\u015f ve Detayl\u0131 Bilgi \u0130\u00e7in:<\/strong><br data-start=\"2759\" data-end=\"2762\" \/>\ud83d\udc49 <a rel=\"noopener\" data-start=\"2765\" data-end=\"2787\" data-is-last-node=\"\">www.utkukitap.com<\/a><\/p>\n","protected":false},"excerpt":{"rendered":"<p><strong data-start=\"403\" data-end=\"432\">7 G\u00dcNDE TYT TURU EA-S\u00d6ZEL<\/strong>, TYT s\u0131nav\u0131na haz\u0131rlanan <strong data-start=\"458\" data-end=\"500\">e\u015fit a\u011f\u0131rl\u0131k ve s\u00f6zel \u00f6\u011frencileri i\u00e7in<\/strong> \u00f6zel olarak haz\u0131rlanm\u0131\u015f <strong data-start=\"525\" data-end=\"566\">h\u0131zland\u0131r\u0131lm\u0131\u015f bir tekrar program\u0131d\u0131r<\/strong>. <strong data-start=\"568\" data-end=\"588\">7 g\u00fcnl\u00fck program<\/strong> kapsam\u0131nda <strong data-start=\"600\" data-end=\"622\">her g\u00fcne 1 fasik\u00fcl<\/strong> olacak \u015fekilde planlanm\u0131\u015f, <strong data-start=\"650\" data-end=\"742\">konular\u0131 sistematik bir \u015fekilde tekrar ettiren ve yeni nesil sorularla s\u0131nava haz\u0131rlayan<\/strong> \u00f6zel bir i\u00e7erik sunmaktad\u0131r.<\/p>\n","protected":false},"featured_media":9510,"template":"","meta":{"_price":"","_stock":null,"_tribe_ticket_header":"","_tribe_default_ticket_provider":"","_tribe_ticket_capacity":"0","_ticket_start_date":"","_ticket_end_date":"","_tribe_ticket_show_description":"","_tribe_ticket_show_not_going":false,"_tribe_ticket_use_global_stock":"","_tribe_ticket_global_stock_level":"","_global_stock_mode":"","_global_stock_cap":"","_tribe_rsvp_for_event":"","_tribe_ticket_going_count":"","_tribe_ticket_not_going_count":"","_tribe_tickets_list":"[]","_tribe_ticket_has_attendee_info_fields":false},"product_cat":[81],"product_tag":[98,96],"class_list":{"0":"post-9509","1":"product","2":"type-product","3":"status-publish","4":"has-post-thumbnail","6":"product_brand-ozdebir-yayinlari","7":"product_cat-tyt","8":"product_tag-sozel","9":"product_tag-tyt","11":"first","12":"instock","13":"virtual","14":"taxable","15":"product-type-simple"},"yoast_head":"<!-- This site is optimized with the Yoast SEO plugin v26.8 - https:\/\/yoast.com\/product\/yoast-seo-wordpress\/ -->\n<title>7 G\u00dcNDE TYT TURU EA-S\u00d6ZEL - Utku Kitap<\/title>\n<meta name=\"description\" content=\"7 G\u00dcNDE TYT TURU EA-S\u00d6ZEL, TYT s\u0131nav\u0131na haz\u0131rlanan e\u015fit a\u011f\u0131rl\u0131k ve s\u00f6zel \u00f6\u011frencileri i\u00e7in \u00f6zel olarak haz\u0131rlanm\u0131\u015f h\u0131zland\u0131r\u0131lm\u0131\u015f bir tekrar program\u0131d\u0131r. 7 g\u00fcnl\u00fck program kapsam\u0131nda her g\u00fcne 1 fasik\u00fcl olacak \u015fekilde planlanm\u0131\u015f, konular\u0131 sistematik bir \u015fekilde tekrar ettiren ve yeni nesil sorularla s\u0131nava haz\u0131rlayan \u00f6zel bir i\u00e7erik sunmaktad\u0131r.\" \/>\n<meta name=\"robots\" content=\"index, follow, max-snippet:-1, max-image-preview:large, max-video-preview:-1\" \/>\n<link rel=\"canonical\" href=\"http:\/\/www.utkukitap.com\/index.php\/product\/7-gunde-tyt-turu-ea-sozel\/\" \/>\n<meta property=\"og:locale\" content=\"tr_TR\" \/>\n<meta property=\"og:type\" content=\"article\" \/>\n<meta property=\"og:title\" content=\"7 G\u00dcNDE TYT TURU EA-S\u00d6ZEL - Utku Kitap\" \/>\n<meta property=\"og:description\" content=\"7 G\u00dcNDE TYT TURU EA-S\u00d6ZEL, TYT s\u0131nav\u0131na haz\u0131rlanan e\u015fit a\u011f\u0131rl\u0131k ve s\u00f6zel \u00f6\u011frencileri i\u00e7in \u00f6zel olarak haz\u0131rlanm\u0131\u015f h\u0131zland\u0131r\u0131lm\u0131\u015f bir tekrar program\u0131d\u0131r. 7 g\u00fcnl\u00fck program kapsam\u0131nda her g\u00fcne 1 fasik\u00fcl olacak \u015fekilde planlanm\u0131\u015f, konular\u0131 sistematik bir \u015fekilde tekrar ettiren ve yeni nesil sorularla s\u0131nava haz\u0131rlayan \u00f6zel bir i\u00e7erik sunmaktad\u0131r.\" \/>\n<meta property=\"og:url\" content=\"http:\/\/www.utkukitap.com\/index.php\/product\/7-gunde-tyt-turu-ea-sozel\/\" \/>\n<meta property=\"og:site_name\" content=\"Utku Kitap\" \/>\n<meta property=\"article:modified_time\" content=\"2025-03-23T18:27:41+00:00\" \/>\n<meta property=\"og:image\" content=\"http:\/\/www.utkukitap.com\/wp-content\/uploads\/2025\/03\/7-gunde-TYT-Sozel-RKLM-23.png\" \/>\n\t<meta property=\"og:image:width\" content=\"1369\" \/>\n\t<meta property=\"og:image:height\" content=\"1807\" \/>\n\t<meta property=\"og:image:type\" content=\"image\/png\" \/>\n<meta name=\"twitter:card\" content=\"summary_large_image\" \/>\n<meta name=\"twitter:label1\" content=\"Tahmini okuma s\u00fcresi\" \/>\n\t<meta name=\"twitter:data1\" content=\"2 dakika\" \/>\n<script type=\"application\/ld+json\" class=\"yoast-schema-graph\">{\"@context\":\"https:\/\/schema.org\",\"@graph\":[{\"@type\":\"WebPage\",\"@id\":\"http:\/\/www.utkukitap.com\/index.php\/product\/7-gunde-tyt-turu-ea-sozel\/\",\"url\":\"http:\/\/www.utkukitap.com\/index.php\/product\/7-gunde-tyt-turu-ea-sozel\/\",\"name\":\"7 G\u00dcNDE TYT TURU EA-S\u00d6ZEL - Utku Kitap\",\"isPartOf\":{\"@id\":\"http:\/\/www.utkukitap.com\/#website\"},\"primaryImageOfPage\":{\"@id\":\"http:\/\/www.utkukitap.com\/index.php\/product\/7-gunde-tyt-turu-ea-sozel\/#primaryimage\"},\"image\":{\"@id\":\"http:\/\/www.utkukitap.com\/index.php\/product\/7-gunde-tyt-turu-ea-sozel\/#primaryimage\"},\"thumbnailUrl\":\"http:\/\/www.utkukitap.com\/wp-content\/uploads\/2025\/03\/7-gunde-TYT-Sozel-RKLM-23.png\",\"datePublished\":\"2025-03-23T18:27:40+00:00\",\"dateModified\":\"2025-03-23T18:27:41+00:00\",\"description\":\"7 G\u00dcNDE TYT TURU EA-S\u00d6ZEL, TYT s\u0131nav\u0131na haz\u0131rlanan e\u015fit a\u011f\u0131rl\u0131k ve s\u00f6zel \u00f6\u011frencileri i\u00e7in \u00f6zel olarak haz\u0131rlanm\u0131\u015f h\u0131zland\u0131r\u0131lm\u0131\u015f bir tekrar program\u0131d\u0131r. 7 g\u00fcnl\u00fck program kapsam\u0131nda her g\u00fcne 1 fasik\u00fcl olacak \u015fekilde planlanm\u0131\u015f, konular\u0131 sistematik bir \u015fekilde tekrar ettiren ve yeni nesil sorularla s\u0131nava haz\u0131rlayan \u00f6zel bir i\u00e7erik sunmaktad\u0131r.\",\"breadcrumb\":{\"@id\":\"http:\/\/www.utkukitap.com\/index.php\/product\/7-gunde-tyt-turu-ea-sozel\/#breadcrumb\"},\"inLanguage\":\"tr\",\"potentialAction\":[{\"@type\":\"ReadAction\",\"target\":[\"http:\/\/www.utkukitap.com\/index.php\/product\/7-gunde-tyt-turu-ea-sozel\/\"]}]},{\"@type\":\"ImageObject\",\"inLanguage\":\"tr\",\"@id\":\"http:\/\/www.utkukitap.com\/index.php\/product\/7-gunde-tyt-turu-ea-sozel\/#primaryimage\",\"url\":\"http:\/\/www.utkukitap.com\/wp-content\/uploads\/2025\/03\/7-gunde-TYT-Sozel-RKLM-23.png\",\"contentUrl\":\"http:\/\/www.utkukitap.com\/wp-content\/uploads\/2025\/03\/7-gunde-TYT-Sozel-RKLM-23.png\",\"width\":1369,\"height\":1807},{\"@type\":\"BreadcrumbList\",\"@id\":\"http:\/\/www.utkukitap.com\/index.php\/product\/7-gunde-tyt-turu-ea-sozel\/#breadcrumb\",\"itemListElement\":[{\"@type\":\"ListItem\",\"position\":1,\"name\":\"Anasayfa\",\"item\":\"http:\/\/www.utkukitap.com\/\"},{\"@type\":\"ListItem\",\"position\":2,\"name\":\"Yay\u0131nlar\",\"item\":\"http:\/\/www.utkukitap.com\/index.php\/yayinlar\/\"},{\"@type\":\"ListItem\",\"position\":3,\"name\":\"7 G\u00dcNDE TYT TURU EA-S\u00d6ZEL\"}]},{\"@type\":\"WebSite\",\"@id\":\"http:\/\/www.utkukitap.com\/#website\",\"url\":\"http:\/\/www.utkukitap.com\/\",\"name\":\"Utku Kitap\",\"description\":\"Utku Kitap Yay\u0131nc\u0131l\u0131k\",\"publisher\":{\"@id\":\"http:\/\/www.utkukitap.com\/#organization\"},\"potentialAction\":[{\"@type\":\"SearchAction\",\"target\":{\"@type\":\"EntryPoint\",\"urlTemplate\":\"http:\/\/www.utkukitap.com\/?s={search_term_string}\"},\"query-input\":{\"@type\":\"PropertyValueSpecification\",\"valueRequired\":true,\"valueName\":\"search_term_string\"}}],\"inLanguage\":\"tr\"},{\"@type\":\"Organization\",\"@id\":\"http:\/\/www.utkukitap.com\/#organization\",\"name\":\"Utku Kitap\",\"url\":\"http:\/\/www.utkukitap.com\/\",\"logo\":{\"@type\":\"ImageObject\",\"inLanguage\":\"tr\",\"@id\":\"http:\/\/www.utkukitap.com\/#\/schema\/logo\/image\/\",\"url\":\"http:\/\/www.utkukitap.com\/wp-content\/uploads\/2025\/02\/cropped-Varlik-1.png\",\"contentUrl\":\"http:\/\/www.utkukitap.com\/wp-content\/uploads\/2025\/02\/cropped-Varlik-1.png\",\"width\":534,\"height\":190,\"caption\":\"Utku Kitap\"},\"image\":{\"@id\":\"http:\/\/www.utkukitap.com\/#\/schema\/logo\/image\/\"}}]}<\/script>\n<!-- \/ Yoast SEO plugin. -->","yoast_head_json":{"title":"7 G\u00dcNDE TYT TURU EA-S\u00d6ZEL - Utku Kitap","description":"7 G\u00dcNDE TYT TURU EA-S\u00d6ZEL, TYT s\u0131nav\u0131na haz\u0131rlanan e\u015fit a\u011f\u0131rl\u0131k ve s\u00f6zel \u00f6\u011frencileri i\u00e7in \u00f6zel olarak haz\u0131rlanm\u0131\u015f h\u0131zland\u0131r\u0131lm\u0131\u015f bir tekrar program\u0131d\u0131r. 7 g\u00fcnl\u00fck program kapsam\u0131nda her g\u00fcne 1 fasik\u00fcl olacak \u015fekilde planlanm\u0131\u015f, konular\u0131 sistematik bir \u015fekilde tekrar ettiren ve yeni nesil sorularla s\u0131nava haz\u0131rlayan \u00f6zel bir i\u00e7erik sunmaktad\u0131r.","robots":{"index":"index","follow":"follow","max-snippet":"max-snippet:-1","max-image-preview":"max-image-preview:large","max-video-preview":"max-video-preview:-1"},"canonical":"http:\/\/www.utkukitap.com\/index.php\/product\/7-gunde-tyt-turu-ea-sozel\/","og_locale":"tr_TR","og_type":"article","og_title":"7 G\u00dcNDE TYT TURU EA-S\u00d6ZEL - Utku Kitap","og_description":"7 G\u00dcNDE TYT TURU EA-S\u00d6ZEL, TYT s\u0131nav\u0131na haz\u0131rlanan e\u015fit a\u011f\u0131rl\u0131k ve s\u00f6zel \u00f6\u011frencileri i\u00e7in \u00f6zel olarak haz\u0131rlanm\u0131\u015f h\u0131zland\u0131r\u0131lm\u0131\u015f bir tekrar program\u0131d\u0131r. 7 g\u00fcnl\u00fck program kapsam\u0131nda her g\u00fcne 1 fasik\u00fcl olacak \u015fekilde planlanm\u0131\u015f, konular\u0131 sistematik bir \u015fekilde tekrar ettiren ve yeni nesil sorularla s\u0131nava haz\u0131rlayan \u00f6zel bir i\u00e7erik sunmaktad\u0131r.","og_url":"http:\/\/www.utkukitap.com\/index.php\/product\/7-gunde-tyt-turu-ea-sozel\/","og_site_name":"Utku Kitap","article_modified_time":"2025-03-23T18:27:41+00:00","og_image":[{"width":1369,"height":1807,"url":"http:\/\/www.utkukitap.com\/wp-content\/uploads\/2025\/03\/7-gunde-TYT-Sozel-RKLM-23.png","type":"image\/png"}],"twitter_card":"summary_large_image","twitter_misc":{"Tahmini okuma s\u00fcresi":"2 dakika"},"schema":{"@context":"https:\/\/schema.org","@graph":[{"@type":"WebPage","@id":"http:\/\/www.utkukitap.com\/index.php\/product\/7-gunde-tyt-turu-ea-sozel\/","url":"http:\/\/www.utkukitap.com\/index.php\/product\/7-gunde-tyt-turu-ea-sozel\/","name":"7 G\u00dcNDE TYT TURU EA-S\u00d6ZEL - Utku Kitap","isPartOf":{"@id":"http:\/\/www.utkukitap.com\/#website"},"primaryImageOfPage":{"@id":"http:\/\/www.utkukitap.com\/index.php\/product\/7-gunde-tyt-turu-ea-sozel\/#primaryimage"},"image":{"@id":"http:\/\/www.utkukitap.com\/index.php\/product\/7-gunde-tyt-turu-ea-sozel\/#primaryimage"},"thumbnailUrl":"http:\/\/www.utkukitap.com\/wp-content\/uploads\/2025\/03\/7-gunde-TYT-Sozel-RKLM-23.png","datePublished":"2025-03-23T18:27:40+00:00","dateModified":"2025-03-23T18:27:41+00:00","description":"7 G\u00dcNDE TYT TURU EA-S\u00d6ZEL, TYT s\u0131nav\u0131na haz\u0131rlanan e\u015fit a\u011f\u0131rl\u0131k ve s\u00f6zel \u00f6\u011frencileri i\u00e7in \u00f6zel olarak haz\u0131rlanm\u0131\u015f h\u0131zland\u0131r\u0131lm\u0131\u015f bir tekrar program\u0131d\u0131r. 7 g\u00fcnl\u00fck program kapsam\u0131nda her g\u00fcne 1 fasik\u00fcl olacak \u015fekilde planlanm\u0131\u015f, konular\u0131 sistematik bir \u015fekilde tekrar ettiren ve yeni nesil sorularla s\u0131nava haz\u0131rlayan \u00f6zel bir i\u00e7erik sunmaktad\u0131r.","breadcrumb":{"@id":"http:\/\/www.utkukitap.com\/index.php\/product\/7-gunde-tyt-turu-ea-sozel\/#breadcrumb"},"inLanguage":"tr","potentialAction":[{"@type":"ReadAction","target":["http:\/\/www.utkukitap.com\/index.php\/product\/7-gunde-tyt-turu-ea-sozel\/"]}]},{"@type":"ImageObject","inLanguage":"tr","@id":"http:\/\/www.utkukitap.com\/index.php\/product\/7-gunde-tyt-turu-ea-sozel\/#primaryimage","url":"http:\/\/www.utkukitap.com\/wp-content\/uploads\/2025\/03\/7-gunde-TYT-Sozel-RKLM-23.png","contentUrl":"http:\/\/www.utkukitap.com\/wp-content\/uploads\/2025\/03\/7-gunde-TYT-Sozel-RKLM-23.png","width":1369,"height":1807},{"@type":"BreadcrumbList","@id":"http:\/\/www.utkukitap.com\/index.php\/product\/7-gunde-tyt-turu-ea-sozel\/#breadcrumb","itemListElement":[{"@type":"ListItem","position":1,"name":"Anasayfa","item":"http:\/\/www.utkukitap.com\/"},{"@type":"ListItem","position":2,"name":"Yay\u0131nlar","item":"http:\/\/www.utkukitap.com\/index.php\/yayinlar\/"},{"@type":"ListItem","position":3,"name":"7 G\u00dcNDE TYT TURU EA-S\u00d6ZEL"}]},{"@type":"WebSite","@id":"http:\/\/www.utkukitap.com\/#website","url":"http:\/\/www.utkukitap.com\/","name":"Utku Kitap","description":"Utku Kitap Yay\u0131nc\u0131l\u0131k","publisher":{"@id":"http:\/\/www.utkukitap.com\/#organization"},"potentialAction":[{"@type":"SearchAction","target":{"@type":"EntryPoint","urlTemplate":"http:\/\/www.utkukitap.com\/?s={search_term_string}"},"query-input":{"@type":"PropertyValueSpecification","valueRequired":true,"valueName":"search_term_string"}}],"inLanguage":"tr"},{"@type":"Organization","@id":"http:\/\/www.utkukitap.com\/#organization","name":"Utku Kitap","url":"http:\/\/www.utkukitap.com\/","logo":{"@type":"ImageObject","inLanguage":"tr","@id":"http:\/\/www.utkukitap.com\/#\/schema\/logo\/image\/","url":"http:\/\/www.utkukitap.com\/wp-content\/uploads\/2025\/02\/cropped-Varlik-1.png","contentUrl":"http:\/\/www.utkukitap.com\/wp-content\/uploads\/2025\/02\/cropped-Varlik-1.png","width":534,"height":190,"caption":"Utku Kitap"},"image":{"@id":"http:\/\/www.utkukitap.com\/#\/schema\/logo\/image\/"}}]}},"_links":{"self":[{"href":"http:\/\/www.utkukitap.com\/index.php\/wp-json\/wp\/v2\/product\/9509","targetHints":{"allow":["GET"]}}],"collection":[{"href":"http:\/\/www.utkukitap.com\/index.php\/wp-json\/wp\/v2\/product"}],"about":[{"href":"http:\/\/www.utkukitap.com\/index.php\/wp-json\/wp\/v2\/types\/product"}],"wp:featuredmedia":[{"embeddable":true,"href":"http:\/\/www.utkukitap.com\/index.php\/wp-json\/wp\/v2\/media\/9510"}],"wp:attachment":[{"href":"http:\/\/www.utkukitap.com\/index.php\/wp-json\/wp\/v2\/media?parent=9509"}],"wp:term":[{"taxonomy":"product_cat","embeddable":true,"href":"http:\/\/www.utkukitap.com\/index.php\/wp-json\/wp\/v2\/product_cat?post=9509"},{"taxonomy":"product_tag","embeddable":true,"href":"http:\/\/www.utkukitap.com\/index.php\/wp-json\/wp\/v2\/product_tag?post=9509"}],"curies":[{"name":"wp","href":"https:\/\/api.w.org\/{rel}","templated":true}]}}