{"id":9519,"date":"2025-03-23T19:04:13","date_gmt":"2025-03-23T19:04:13","guid":{"rendered":"http:\/\/www.utkukitap.com\/?post_type=product&#038;p=9519"},"modified":"2025-03-23T19:04:14","modified_gmt":"2025-03-23T19:04:14","slug":"ayt-matematik-gis-soru-bankasi","status":"publish","type":"product","link":"http:\/\/www.utkukitap.com\/index.php\/product\/ayt-matematik-gis-soru-bankasi\/","title":{"rendered":"AYT MATEMAT\u0130K G\u0130S SORU BANKASI"},"content":{"rendered":"<p class=\"\" data-start=\"42\" data-end=\"394\">\ud83d\udcd8 <strong data-start=\"45\" data-end=\"58\">\u00dcr\u00fcn Ad\u0131:<\/strong> AYT MATEMAT\u0130K G\u0130S SORU BANKASI<br data-start=\"89\" data-end=\"92\" \/>\ud83c\udfeb <strong data-start=\"95\" data-end=\"105\">S\u0131nav:<\/strong> AYT (Alan Yeterlilik Testi)<br data-start=\"133\" data-end=\"136\" \/>\ud83d\udcd6 <strong data-start=\"139\" data-end=\"152\">Kategori:<\/strong> Soru Bankalar\u0131<br data-start=\"167\" data-end=\"170\" \/>\ud83d\udcda <strong data-start=\"173\" data-end=\"186\">Yay\u0131nevi:<\/strong> \u00d6zdebir Yay\u0131nlar\u0131<br data-start=\"204\" data-end=\"207\" \/>\ud83d\udcc6 <strong data-start=\"210\" data-end=\"221\">\u0130\u00e7erik:<\/strong> Geli\u015fim \u0130zleme Serisi (G\u0130S) format\u0131nda haz\u0131rlanan kapsaml\u0131 soru bankas\u0131<br data-start=\"293\" data-end=\"296\" \/>\ud83d\udccf <strong data-start=\"299\" data-end=\"308\">Ebat:<\/strong> Standart fasik\u00fcl boyutu<br data-start=\"332\" data-end=\"335\" \/>\ud83d\udcc4 <strong data-start=\"338\" data-end=\"353\">Kapak T\u00fcr\u00fc:<\/strong> Ku\u015fe Kapak<br data-start=\"364\" data-end=\"367\" \/>\ud83c\udf08 <strong data-start=\"370\" data-end=\"385\">Bask\u0131 T\u00fcr\u00fc:<\/strong> Renkli<\/p>\n<h3 class=\"\" data-start=\"396\" data-end=\"422\"><strong data-start=\"400\" data-end=\"420\">\u00dcr\u00fcn A\u00e7\u0131klamas\u0131:<\/strong><\/h3>\n<p class=\"\" data-start=\"423\" data-end=\"783\"><strong data-start=\"423\" data-end=\"457\">AYT MATEMAT\u0130K G\u0130S SORU BANKASI<\/strong>, <strong data-start=\"459\" data-end=\"490\">Alan Yeterlilik Testi (AYT)<\/strong>\u2019ye haz\u0131rlanan \u00f6\u011frenciler i\u00e7in <strong data-start=\"521\" data-end=\"552\">Geli\u015fim \u0130zleme Serisi (G\u0130S)<\/strong> kapsam\u0131nda \u00f6zel olarak haz\u0131rlanm\u0131\u015f kapsaml\u0131 bir soru bankas\u0131d\u0131r. <strong data-start=\"618\" data-end=\"680\">\u00d6SYM format\u0131na uygun, kazan\u0131m odakl\u0131 ve yeni nesil sorular<\/strong> ile \u00f6\u011frencilerin <strong data-start=\"698\" data-end=\"766\">s\u0131nav stratejilerini geli\u015ftirmesine ve eksiklerini tamamlamas\u0131na<\/strong> yard\u0131mc\u0131 olur.<\/p>\n<p class=\"\" data-start=\"785\" data-end=\"971\">Bu kitap, <strong data-start=\"795\" data-end=\"869\">konu bazl\u0131 ilerleyen testler, geli\u015fim takip sistemi ve video \u00e7\u00f6z\u00fcmleri<\/strong> ile \u00f6\u011frencilerin <strong data-start=\"887\" data-end=\"944\">AYT Matematik dersinde ba\u015far\u0131ya ula\u015fmalar\u0131n\u0131 sa\u011flamak<\/strong> amac\u0131yla haz\u0131rlanm\u0131\u015ft\u0131r.<\/p>\n<p class=\"\" data-start=\"973\" data-end=\"1435\">\ud83d\udcda <strong data-start=\"976\" data-end=\"994\">Kitap \u0130\u00e7eri\u011fi:<\/strong><br data-start=\"994\" data-end=\"997\" \/>\u2705 <strong data-start=\"999\" data-end=\"1026\">\u00d6SYM format\u0131nda sorular<\/strong> ile s\u0131nav prati\u011fi<br data-start=\"1044\" data-end=\"1047\" \/>\u2705 <strong data-start=\"1049\" data-end=\"1075\">Kazan\u0131m odakl\u0131 testler<\/strong> ile konulara derinlemesine hakimiyet<br data-start=\"1112\" data-end=\"1115\" \/>\u2705 <strong data-start=\"1117\" data-end=\"1139\">Yeni nesil sorular<\/strong> ile analiz ve yorumlama becerisi geli\u015ftirme<br data-start=\"1183\" data-end=\"1186\" \/>\u2705 <strong data-start=\"1188\" data-end=\"1221\" data-is-only-node=\"\">Geli\u015fim \u0130zleme Testleri (G\u0130S)<\/strong> ile a\u015famal\u0131 \u00f6\u011frenme s\u00fcreci<br data-start=\"1248\" data-end=\"1251\" \/>\u2705 <strong data-start=\"1253\" data-end=\"1283\">Ak\u0131ll\u0131 tahta uyumlu i\u00e7erik<\/strong> ile \u00f6\u011fretmenler i\u00e7in s\u0131n\u0131f i\u00e7i kullan\u0131m kolayl\u0131\u011f\u0131<br data-start=\"1333\" data-end=\"1336\" \/>\u2705 <strong data-start=\"1338\" data-end=\"1379\">Video \u00e7\u00f6z\u00fcmleriyle desteklenen i\u00e7erik<\/strong><br data-start=\"1379\" data-end=\"1382\" \/>\u2705 <strong data-start=\"1384\" data-end=\"1433\">Geli\u015fim takibi ve eksik giderme odakl\u0131 sistem<\/strong><\/p>\n<h3 class=\"\" data-start=\"1437\" data-end=\"1477\"><strong data-start=\"1441\" data-end=\"1475\">Kitab\u0131n \u00d6ne \u00c7\u0131kan \u00d6zellikleri:<\/strong><\/h3>\n<p class=\"\" data-start=\"1478\" data-end=\"2122\">\u2714\ufe0f <strong data-start=\"1481\" data-end=\"1513\">Geli\u015fim \u0130zleme Serisi (G\u0130S):<\/strong> \u00d6\u011frencinin <strong data-start=\"1525\" data-end=\"1568\">\u00f6\u011frenme s\u00fcrecini ad\u0131m ad\u0131m takip ederek<\/strong> eksiklerini kapatmas\u0131na yard\u0131mc\u0131 olur.<br data-start=\"1607\" data-end=\"1610\" \/>\u2714\ufe0f <strong data-start=\"1613\" data-end=\"1638\">\u00d6SYM\u2019ye Tam Uygunluk:<\/strong> <strong data-start=\"1639\" data-end=\"1685\">Ger\u00e7ek s\u0131nav format\u0131nda haz\u0131rlanan sorular<\/strong> ile <strong data-start=\"1690\" data-end=\"1714\">s\u0131nav prati\u011fi sa\u011flar<\/strong>.<br data-start=\"1715\" data-end=\"1718\" \/>\u2714\ufe0f <strong data-start=\"1721\" data-end=\"1744\">Yeni Nesil Sorular:<\/strong> <strong data-start=\"1745\" data-end=\"1798\">Beceri temelli ve analiz gerektiren soru yap\u0131lar\u0131<\/strong>, \u00f6\u011frencilerin <strong data-start=\"1813\" data-end=\"1868\">d\u00fc\u015f\u00fcnme becerilerini geli\u015ftirmelerine yard\u0131mc\u0131 olur<\/strong>.<br data-start=\"1869\" data-end=\"1872\" \/>\u2714\ufe0f <strong data-start=\"1875\" data-end=\"1909\">Geli\u015fime Destek Sa\u011flayan Yap\u0131:<\/strong> Konular\u0131 <strong data-start=\"1919\" data-end=\"1982\">sistematik \u015fekilde ilerleten ve eksik b\u0131rakmayan bir i\u00e7erik<\/strong> sunar.<br data-start=\"1989\" data-end=\"1992\" \/>\u2714\ufe0f <strong data-start=\"1995\" data-end=\"2022\">Kazan\u0131m Odakl\u0131 Testler:<\/strong> <strong data-start=\"2023\" data-end=\"2120\">\u00d6\u011frencinin her konuyu tam olarak kavramas\u0131n\u0131 sa\u011flamak i\u00e7in a\u015famal\u0131 testlerle desteklenmi\u015ftir.<\/strong><\/p>\n<p class=\"\" data-start=\"2124\" data-end=\"2446\">\ud83c\udfaf <strong data-start=\"2127\" data-end=\"2152\">Kimler \u0130\u00e7in Uygundur?<\/strong><br data-start=\"2152\" data-end=\"2155\" \/>\u2705 AYT Matematik\u2019e haz\u0131rlanan \u00f6\u011frenciler<br data-start=\"2194\" data-end=\"2197\" \/>\u2705 Konular\u0131 <strong data-start=\"2208\" data-end=\"2278\">a\u015famal\u0131 olarak \u00f6\u011frenmek ve geli\u015fim s\u00fcrecini takip etmek isteyenler<\/strong><br data-start=\"2278\" data-end=\"2281\" \/>\u2705 \u00d6SYM format\u0131na uygun <strong data-start=\"2304\" data-end=\"2360\">yeni nesil sorularla s\u0131nav prati\u011fi yapmak isteyenler<\/strong><br data-start=\"2360\" data-end=\"2363\" \/>\u2705 <strong data-start=\"2365\" data-end=\"2444\">Eksiklerini belirleyip tamamlamak ve s\u0131navda ba\u015far\u0131y\u0131 hedefleyen \u00f6\u011frenciler<\/strong><\/p>\n<p class=\"\" data-start=\"2448\" data-end=\"2701\">\ud83d\uded2 <strong data-start=\"2451\" data-end=\"2494\">Utku Kitap Ayr\u0131cal\u0131klar\u0131yla Sat\u0131n Al\u0131n!<\/strong><br data-start=\"2494\" data-end=\"2497\" \/>Utku Kitap olarak, <strong data-start=\"2516\" data-end=\"2588\">\u00f6\u011frenciler ve e\u011fitim kurumlar\u0131 i\u00e7in en kaliteli kaynaklar\u0131 sunuyoruz<\/strong>. Okullara ve kurslara <strong data-start=\"2611\" data-end=\"2635\">toplu tedarik imkan\u0131<\/strong> sa\u011flayarak <strong data-start=\"2647\" data-end=\"2679\">h\u0131zl\u0131 ve g\u00fcvenilir al\u0131\u015fveri\u015f<\/strong> deneyimi sunuyoruz.<\/p>\n<p class=\"\" data-start=\"2703\" data-end=\"2768\">\ud83d\udce6 <strong data-start=\"2706\" data-end=\"2740\">Sipari\u015f ve Detayl\u0131 Bilgi \u0130\u00e7in:<\/strong><br data-start=\"2740\" data-end=\"2743\" \/>\ud83d\udc49 <a rel=\"noopener\" data-start=\"2746\" data-end=\"2768\" data-is-last-node=\"\">www.utkukitap.com<\/a><\/p>\n","protected":false},"excerpt":{"rendered":"<p><strong data-start=\"423\" data-end=\"457\">AYT MATEMAT\u0130K G\u0130S SORU BANKASI<\/strong>, <strong data-start=\"459\" data-end=\"490\">Alan Yeterlilik Testi (AYT)<\/strong>\u2019ye haz\u0131rlanan \u00f6\u011frenciler i\u00e7in <strong data-start=\"521\" data-end=\"552\">Geli\u015fim \u0130zleme Serisi (G\u0130S)<\/strong> kapsam\u0131nda \u00f6zel olarak haz\u0131rlanm\u0131\u015f kapsaml\u0131 bir soru bankas\u0131d\u0131r. <strong data-start=\"618\" data-end=\"680\">\u00d6SYM format\u0131na uygun, kazan\u0131m odakl\u0131 ve yeni nesil sorular<\/strong> ile \u00f6\u011frencilerin <strong data-start=\"698\" data-end=\"766\">s\u0131nav stratejilerini geli\u015ftirmesine ve eksiklerini tamamlamas\u0131na<\/strong> yard\u0131mc\u0131 olur.<\/p>\n","protected":false},"featured_media":9520,"template":"","meta":{"_price":"","_stock":null,"_tribe_ticket_header":"","_tribe_default_ticket_provider":"","_tribe_ticket_capacity":"0","_ticket_start_date":"","_ticket_end_date":"","_tribe_ticket_show_description":"","_tribe_ticket_show_not_going":false,"_tribe_ticket_use_global_stock":"","_tribe_ticket_global_stock_level":"","_global_stock_mode":"","_global_stock_cap":"","_tribe_rsvp_for_event":"","_tribe_ticket_going_count":"","_tribe_ticket_not_going_count":"","_tribe_tickets_list":"[]","_tribe_ticket_has_attendee_info_fields":false},"product_cat":[82],"product_tag":[99,104],"class_list":{"0":"post-9519","1":"product","2":"type-product","3":"status-publish","4":"has-post-thumbnail","6":"product_brand-ozdebir-yayinlari","7":"product_cat-ayt","8":"product_tag-ayt","9":"product_tag-ayt-matematik","11":"first","12":"instock","13":"virtual","14":"taxable","15":"product-type-simple"},"yoast_head":"<!-- This site is optimized with the Yoast SEO plugin v26.8 - https:\/\/yoast.com\/product\/yoast-seo-wordpress\/ -->\n<title>AYT MATEMAT\u0130K G\u0130S SORU BANKASI - Utku Kitap<\/title>\n<meta name=\"description\" content=\"AYT MATEMAT\u0130K G\u0130S SORU BANKASI, Alan Yeterlilik Testi (AYT)\u2019ye haz\u0131rlanan \u00f6\u011frenciler i\u00e7in Geli\u015fim \u0130zleme Serisi (G\u0130S) kapsam\u0131nda \u00f6zel olarak haz\u0131rlanm\u0131\u015f kapsaml\u0131 bir soru bankas\u0131d\u0131r. \u00d6SYM format\u0131na uygun, kazan\u0131m odakl\u0131 ve yeni nesil sorular ile \u00f6\u011frencilerin s\u0131nav stratejilerini geli\u015ftirmesine ve eksiklerini tamamlamas\u0131na yard\u0131mc\u0131 olur.\" \/>\n<meta name=\"robots\" content=\"index, follow, max-snippet:-1, max-image-preview:large, max-video-preview:-1\" \/>\n<link rel=\"canonical\" href=\"https:\/\/www.utkukitap.com\/index.php\/product\/ayt-matematik-gis-soru-bankasi\/\" \/>\n<meta property=\"og:locale\" content=\"tr_TR\" \/>\n<meta property=\"og:type\" content=\"article\" \/>\n<meta property=\"og:title\" content=\"AYT MATEMAT\u0130K G\u0130S SORU BANKASI - Utku Kitap\" \/>\n<meta property=\"og:description\" content=\"AYT MATEMAT\u0130K G\u0130S SORU BANKASI, Alan Yeterlilik Testi (AYT)\u2019ye haz\u0131rlanan \u00f6\u011frenciler i\u00e7in Geli\u015fim \u0130zleme Serisi (G\u0130S) kapsam\u0131nda \u00f6zel olarak haz\u0131rlanm\u0131\u015f kapsaml\u0131 bir soru bankas\u0131d\u0131r. \u00d6SYM format\u0131na uygun, kazan\u0131m odakl\u0131 ve yeni nesil sorular ile \u00f6\u011frencilerin s\u0131nav stratejilerini geli\u015ftirmesine ve eksiklerini tamamlamas\u0131na yard\u0131mc\u0131 olur.\" \/>\n<meta property=\"og:url\" content=\"https:\/\/www.utkukitap.com\/index.php\/product\/ayt-matematik-gis-soru-bankasi\/\" \/>\n<meta property=\"og:site_name\" content=\"Utku Kitap\" \/>\n<meta property=\"article:modified_time\" content=\"2025-03-23T19:04:14+00:00\" \/>\n<meta property=\"og:image\" content=\"https:\/\/www.utkukitap.com\/wp-content\/uploads\/2025\/03\/AYT-GIS-MAT-RKLM-kopya-755x1024.png\" \/>\n\t<meta property=\"og:image:width\" content=\"755\" \/>\n\t<meta property=\"og:image:height\" content=\"1024\" \/>\n\t<meta property=\"og:image:type\" content=\"image\/png\" \/>\n<meta name=\"twitter:card\" content=\"summary_large_image\" \/>\n<meta name=\"twitter:label1\" content=\"Tahmini okuma s\u00fcresi\" \/>\n\t<meta name=\"twitter:data1\" content=\"3 dakika\" \/>\n<script type=\"application\/ld+json\" class=\"yoast-schema-graph\">{\"@context\":\"https:\/\/schema.org\",\"@graph\":[{\"@type\":\"WebPage\",\"@id\":\"https:\/\/www.utkukitap.com\/index.php\/product\/ayt-matematik-gis-soru-bankasi\/\",\"url\":\"https:\/\/www.utkukitap.com\/index.php\/product\/ayt-matematik-gis-soru-bankasi\/\",\"name\":\"AYT MATEMAT\u0130K G\u0130S SORU BANKASI - Utku Kitap\",\"isPartOf\":{\"@id\":\"http:\/\/www.utkukitap.com\/#website\"},\"primaryImageOfPage\":{\"@id\":\"https:\/\/www.utkukitap.com\/index.php\/product\/ayt-matematik-gis-soru-bankasi\/#primaryimage\"},\"image\":{\"@id\":\"https:\/\/www.utkukitap.com\/index.php\/product\/ayt-matematik-gis-soru-bankasi\/#primaryimage\"},\"thumbnailUrl\":\"http:\/\/www.utkukitap.com\/wp-content\/uploads\/2025\/03\/AYT-GIS-MAT-RKLM-kopya.png\",\"datePublished\":\"2025-03-23T19:04:13+00:00\",\"dateModified\":\"2025-03-23T19:04:14+00:00\",\"description\":\"AYT MATEMAT\u0130K G\u0130S SORU BANKASI, Alan Yeterlilik Testi (AYT)\u2019ye haz\u0131rlanan \u00f6\u011frenciler i\u00e7in Geli\u015fim \u0130zleme Serisi (G\u0130S) kapsam\u0131nda \u00f6zel olarak haz\u0131rlanm\u0131\u015f kapsaml\u0131 bir soru bankas\u0131d\u0131r. \u00d6SYM format\u0131na uygun, kazan\u0131m odakl\u0131 ve yeni nesil sorular ile \u00f6\u011frencilerin s\u0131nav stratejilerini geli\u015ftirmesine ve eksiklerini tamamlamas\u0131na yard\u0131mc\u0131 olur.\",\"breadcrumb\":{\"@id\":\"https:\/\/www.utkukitap.com\/index.php\/product\/ayt-matematik-gis-soru-bankasi\/#breadcrumb\"},\"inLanguage\":\"tr\",\"potentialAction\":[{\"@type\":\"ReadAction\",\"target\":[\"https:\/\/www.utkukitap.com\/index.php\/product\/ayt-matematik-gis-soru-bankasi\/\"]}]},{\"@type\":\"ImageObject\",\"inLanguage\":\"tr\",\"@id\":\"https:\/\/www.utkukitap.com\/index.php\/product\/ayt-matematik-gis-soru-bankasi\/#primaryimage\",\"url\":\"http:\/\/www.utkukitap.com\/wp-content\/uploads\/2025\/03\/AYT-GIS-MAT-RKLM-kopya.png\",\"contentUrl\":\"http:\/\/www.utkukitap.com\/wp-content\/uploads\/2025\/03\/AYT-GIS-MAT-RKLM-kopya.png\",\"width\":1314,\"height\":1783},{\"@type\":\"BreadcrumbList\",\"@id\":\"https:\/\/www.utkukitap.com\/index.php\/product\/ayt-matematik-gis-soru-bankasi\/#breadcrumb\",\"itemListElement\":[{\"@type\":\"ListItem\",\"position\":1,\"name\":\"Anasayfa\",\"item\":\"http:\/\/www.utkukitap.com\/\"},{\"@type\":\"ListItem\",\"position\":2,\"name\":\"Yay\u0131nlar\",\"item\":\"http:\/\/www.utkukitap.com\/index.php\/yayinlar\/\"},{\"@type\":\"ListItem\",\"position\":3,\"name\":\"AYT MATEMAT\u0130K G\u0130S SORU BANKASI\"}]},{\"@type\":\"WebSite\",\"@id\":\"http:\/\/www.utkukitap.com\/#website\",\"url\":\"http:\/\/www.utkukitap.com\/\",\"name\":\"Utku Kitap\",\"description\":\"Utku Kitap Yay\u0131nc\u0131l\u0131k\",\"publisher\":{\"@id\":\"http:\/\/www.utkukitap.com\/#organization\"},\"potentialAction\":[{\"@type\":\"SearchAction\",\"target\":{\"@type\":\"EntryPoint\",\"urlTemplate\":\"http:\/\/www.utkukitap.com\/?s={search_term_string}\"},\"query-input\":{\"@type\":\"PropertyValueSpecification\",\"valueRequired\":true,\"valueName\":\"search_term_string\"}}],\"inLanguage\":\"tr\"},{\"@type\":\"Organization\",\"@id\":\"http:\/\/www.utkukitap.com\/#organization\",\"name\":\"Utku Kitap\",\"url\":\"http:\/\/www.utkukitap.com\/\",\"logo\":{\"@type\":\"ImageObject\",\"inLanguage\":\"tr\",\"@id\":\"http:\/\/www.utkukitap.com\/#\/schema\/logo\/image\/\",\"url\":\"http:\/\/www.utkukitap.com\/wp-content\/uploads\/2025\/02\/cropped-Varlik-1.png\",\"contentUrl\":\"http:\/\/www.utkukitap.com\/wp-content\/uploads\/2025\/02\/cropped-Varlik-1.png\",\"width\":534,\"height\":190,\"caption\":\"Utku Kitap\"},\"image\":{\"@id\":\"http:\/\/www.utkukitap.com\/#\/schema\/logo\/image\/\"}}]}<\/script>\n<!-- \/ Yoast SEO plugin. -->","yoast_head_json":{"title":"AYT MATEMAT\u0130K G\u0130S SORU BANKASI - Utku Kitap","description":"AYT MATEMAT\u0130K G\u0130S SORU BANKASI, Alan Yeterlilik Testi (AYT)\u2019ye haz\u0131rlanan \u00f6\u011frenciler i\u00e7in Geli\u015fim \u0130zleme Serisi (G\u0130S) kapsam\u0131nda \u00f6zel olarak haz\u0131rlanm\u0131\u015f kapsaml\u0131 bir soru bankas\u0131d\u0131r. \u00d6SYM format\u0131na uygun, kazan\u0131m odakl\u0131 ve yeni nesil sorular ile \u00f6\u011frencilerin s\u0131nav stratejilerini geli\u015ftirmesine ve eksiklerini tamamlamas\u0131na yard\u0131mc\u0131 olur.","robots":{"index":"index","follow":"follow","max-snippet":"max-snippet:-1","max-image-preview":"max-image-preview:large","max-video-preview":"max-video-preview:-1"},"canonical":"https:\/\/www.utkukitap.com\/index.php\/product\/ayt-matematik-gis-soru-bankasi\/","og_locale":"tr_TR","og_type":"article","og_title":"AYT MATEMAT\u0130K G\u0130S SORU BANKASI - Utku Kitap","og_description":"AYT MATEMAT\u0130K G\u0130S SORU BANKASI, Alan Yeterlilik Testi (AYT)\u2019ye haz\u0131rlanan \u00f6\u011frenciler i\u00e7in Geli\u015fim \u0130zleme Serisi (G\u0130S) kapsam\u0131nda \u00f6zel olarak haz\u0131rlanm\u0131\u015f kapsaml\u0131 bir soru bankas\u0131d\u0131r. \u00d6SYM format\u0131na uygun, kazan\u0131m odakl\u0131 ve yeni nesil sorular ile \u00f6\u011frencilerin s\u0131nav stratejilerini geli\u015ftirmesine ve eksiklerini tamamlamas\u0131na yard\u0131mc\u0131 olur.","og_url":"https:\/\/www.utkukitap.com\/index.php\/product\/ayt-matematik-gis-soru-bankasi\/","og_site_name":"Utku Kitap","article_modified_time":"2025-03-23T19:04:14+00:00","og_image":[{"width":755,"height":1024,"url":"https:\/\/www.utkukitap.com\/wp-content\/uploads\/2025\/03\/AYT-GIS-MAT-RKLM-kopya-755x1024.png","type":"image\/png"}],"twitter_card":"summary_large_image","twitter_misc":{"Tahmini okuma s\u00fcresi":"3 dakika"},"schema":{"@context":"https:\/\/schema.org","@graph":[{"@type":"WebPage","@id":"https:\/\/www.utkukitap.com\/index.php\/product\/ayt-matematik-gis-soru-bankasi\/","url":"https:\/\/www.utkukitap.com\/index.php\/product\/ayt-matematik-gis-soru-bankasi\/","name":"AYT MATEMAT\u0130K G\u0130S SORU BANKASI - Utku Kitap","isPartOf":{"@id":"http:\/\/www.utkukitap.com\/#website"},"primaryImageOfPage":{"@id":"https:\/\/www.utkukitap.com\/index.php\/product\/ayt-matematik-gis-soru-bankasi\/#primaryimage"},"image":{"@id":"https:\/\/www.utkukitap.com\/index.php\/product\/ayt-matematik-gis-soru-bankasi\/#primaryimage"},"thumbnailUrl":"http:\/\/www.utkukitap.com\/wp-content\/uploads\/2025\/03\/AYT-GIS-MAT-RKLM-kopya.png","datePublished":"2025-03-23T19:04:13+00:00","dateModified":"2025-03-23T19:04:14+00:00","description":"AYT MATEMAT\u0130K G\u0130S SORU BANKASI, Alan Yeterlilik Testi (AYT)\u2019ye haz\u0131rlanan \u00f6\u011frenciler i\u00e7in Geli\u015fim \u0130zleme Serisi (G\u0130S) kapsam\u0131nda \u00f6zel olarak haz\u0131rlanm\u0131\u015f kapsaml\u0131 bir soru bankas\u0131d\u0131r. \u00d6SYM format\u0131na uygun, kazan\u0131m odakl\u0131 ve yeni nesil sorular ile \u00f6\u011frencilerin s\u0131nav stratejilerini geli\u015ftirmesine ve eksiklerini tamamlamas\u0131na yard\u0131mc\u0131 olur.","breadcrumb":{"@id":"https:\/\/www.utkukitap.com\/index.php\/product\/ayt-matematik-gis-soru-bankasi\/#breadcrumb"},"inLanguage":"tr","potentialAction":[{"@type":"ReadAction","target":["https:\/\/www.utkukitap.com\/index.php\/product\/ayt-matematik-gis-soru-bankasi\/"]}]},{"@type":"ImageObject","inLanguage":"tr","@id":"https:\/\/www.utkukitap.com\/index.php\/product\/ayt-matematik-gis-soru-bankasi\/#primaryimage","url":"http:\/\/www.utkukitap.com\/wp-content\/uploads\/2025\/03\/AYT-GIS-MAT-RKLM-kopya.png","contentUrl":"http:\/\/www.utkukitap.com\/wp-content\/uploads\/2025\/03\/AYT-GIS-MAT-RKLM-kopya.png","width":1314,"height":1783},{"@type":"BreadcrumbList","@id":"https:\/\/www.utkukitap.com\/index.php\/product\/ayt-matematik-gis-soru-bankasi\/#breadcrumb","itemListElement":[{"@type":"ListItem","position":1,"name":"Anasayfa","item":"http:\/\/www.utkukitap.com\/"},{"@type":"ListItem","position":2,"name":"Yay\u0131nlar","item":"http:\/\/www.utkukitap.com\/index.php\/yayinlar\/"},{"@type":"ListItem","position":3,"name":"AYT MATEMAT\u0130K G\u0130S SORU BANKASI"}]},{"@type":"WebSite","@id":"http:\/\/www.utkukitap.com\/#website","url":"http:\/\/www.utkukitap.com\/","name":"Utku Kitap","description":"Utku Kitap Yay\u0131nc\u0131l\u0131k","publisher":{"@id":"http:\/\/www.utkukitap.com\/#organization"},"potentialAction":[{"@type":"SearchAction","target":{"@type":"EntryPoint","urlTemplate":"http:\/\/www.utkukitap.com\/?s={search_term_string}"},"query-input":{"@type":"PropertyValueSpecification","valueRequired":true,"valueName":"search_term_string"}}],"inLanguage":"tr"},{"@type":"Organization","@id":"http:\/\/www.utkukitap.com\/#organization","name":"Utku Kitap","url":"http:\/\/www.utkukitap.com\/","logo":{"@type":"ImageObject","inLanguage":"tr","@id":"http:\/\/www.utkukitap.com\/#\/schema\/logo\/image\/","url":"http:\/\/www.utkukitap.com\/wp-content\/uploads\/2025\/02\/cropped-Varlik-1.png","contentUrl":"http:\/\/www.utkukitap.com\/wp-content\/uploads\/2025\/02\/cropped-Varlik-1.png","width":534,"height":190,"caption":"Utku Kitap"},"image":{"@id":"http:\/\/www.utkukitap.com\/#\/schema\/logo\/image\/"}}]}},"_links":{"self":[{"href":"http:\/\/www.utkukitap.com\/index.php\/wp-json\/wp\/v2\/product\/9519","targetHints":{"allow":["GET"]}}],"collection":[{"href":"http:\/\/www.utkukitap.com\/index.php\/wp-json\/wp\/v2\/product"}],"about":[{"href":"http:\/\/www.utkukitap.com\/index.php\/wp-json\/wp\/v2\/types\/product"}],"wp:featuredmedia":[{"embeddable":true,"href":"http:\/\/www.utkukitap.com\/index.php\/wp-json\/wp\/v2\/media\/9520"}],"wp:attachment":[{"href":"http:\/\/www.utkukitap.com\/index.php\/wp-json\/wp\/v2\/media?parent=9519"}],"wp:term":[{"taxonomy":"product_cat","embeddable":true,"href":"http:\/\/www.utkukitap.com\/index.php\/wp-json\/wp\/v2\/product_cat?post=9519"},{"taxonomy":"product_tag","embeddable":true,"href":"http:\/\/www.utkukitap.com\/index.php\/wp-json\/wp\/v2\/product_tag?post=9519"}],"curies":[{"name":"wp","href":"https:\/\/api.w.org\/{rel}","templated":true}]}}