{"id":9540,"date":"2025-03-23T19:51:01","date_gmt":"2025-03-23T19:51:01","guid":{"rendered":"http:\/\/www.utkukitap.com\/?post_type=product&#038;p=9540"},"modified":"2025-03-23T19:51:39","modified_gmt":"2025-03-23T19:51:39","slug":"tyt-siniflandirilmis-paragraf-soru-bankasi","status":"publish","type":"product","link":"http:\/\/www.utkukitap.com\/index.php\/product\/tyt-siniflandirilmis-paragraf-soru-bankasi\/","title":{"rendered":"TYT SINIFLANDIRILMI\u015e PARAGRAF SORU BANKASI"},"content":{"rendered":"<p class=\"\" data-start=\"54\" data-end=\"400\">\ud83d\udcd8 <strong data-start=\"57\" data-end=\"70\">\u00dcr\u00fcn Ad\u0131:<\/strong> TYT SINIFLANDIRILMI\u015e PARAGRAF SORU BANKASI<br data-start=\"113\" data-end=\"116\" \/>\ud83c\udfeb <strong data-start=\"119\" data-end=\"129\">S\u0131nav:<\/strong> TYT (Temel Yeterlilik Testi)<br data-start=\"158\" data-end=\"161\" \/>\ud83d\udcd6 <strong data-start=\"164\" data-end=\"177\">Kategori:<\/strong> Soru Bankalar\u0131<br data-start=\"192\" data-end=\"195\" \/>\ud83d\udcda <strong data-start=\"198\" data-end=\"211\">Yay\u0131nevi:<\/strong> \u00d6zdebir Yay\u0131nlar\u0131<br data-start=\"229\" data-end=\"232\" \/>\ud83d\udcc6 <strong data-start=\"235\" data-end=\"246\">\u0130\u00e7erik:<\/strong> TYT format\u0131na uygun s\u0131n\u0131fland\u0131r\u0131lm\u0131\u015f paragraf sorular\u0131<br data-start=\"301\" data-end=\"304\" \/>\ud83d\udccf <strong data-start=\"307\" data-end=\"316\">Ebat:<\/strong> Standart kitap boyutu<br data-start=\"338\" data-end=\"341\" \/>\ud83d\udcc4 <strong data-start=\"344\" data-end=\"359\">Kapak T\u00fcr\u00fc:<\/strong> Ku\u015fe Kapak<br data-start=\"370\" data-end=\"373\" \/>\ud83c\udf08 <strong data-start=\"376\" data-end=\"391\">Bask\u0131 T\u00fcr\u00fc:<\/strong> Renkli<\/p>\n<h3 class=\"\" data-start=\"402\" data-end=\"428\"><strong data-start=\"406\" data-end=\"426\">\u00dcr\u00fcn A\u00e7\u0131klamas\u0131:<\/strong><\/h3>\n<p class=\"\" data-start=\"429\" data-end=\"782\"><strong data-start=\"429\" data-end=\"475\">TYT S\u0131n\u0131fland\u0131r\u0131lm\u0131\u015f Paragraf Soru Bankas\u0131<\/strong>, <strong data-start=\"477\" data-end=\"628\">TYT\u2019ye haz\u0131rlanan \u00f6\u011frenciler i\u00e7in \u00f6zel olarak haz\u0131rlanm\u0131\u015f ve paragraf sorular\u0131n\u0131 sistematik bir \u015fekilde \u00e7\u00f6z\u00fcme ula\u015ft\u0131rmay\u0131 hedefleyen bir kaynakt\u0131r<\/strong>. <strong data-start=\"630\" data-end=\"695\">Soru t\u00fcrlerine g\u00f6re ayr\u0131lm\u0131\u015f (s\u0131n\u0131fland\u0131r\u0131lm\u0131\u015f) i\u00e7erik yap\u0131s\u0131<\/strong>, \u00f6\u011frencilerin <strong data-start=\"710\" data-end=\"779\">farkl\u0131 soru tiplerine y\u00f6nelik \u00f6zel \u00e7al\u0131\u015fma yapmas\u0131na olanak tan\u0131r<\/strong>.<\/p>\n<p class=\"\" data-start=\"784\" data-end=\"988\">Bu kitap, <strong data-start=\"794\" data-end=\"882\">s\u0131nav sistemine uygun yeni nesil sorular, video \u00e7\u00f6z\u00fcmleri ve ak\u0131ll\u0131 tahta uyumlulu\u011fu<\/strong> ile desteklenmi\u015ftir. <strong data-start=\"904\" data-end=\"968\">TYT format\u0131na uygun, dikkat ve okuma becerilerini geli\u015ftiren<\/strong> bir i\u00e7erik sunar.<\/p>\n<p class=\"\" data-start=\"990\" data-end=\"1364\">\ud83d\udcda <strong data-start=\"993\" data-end=\"1011\">Kitap \u0130\u00e7eri\u011fi:<\/strong><br data-start=\"1011\" data-end=\"1014\" \/>\u2705 <strong data-start=\"1016\" data-end=\"1073\">S\u0131nav sistemine uygun, g\u00fcncellenmi\u015f paragraf sorular\u0131<\/strong><br data-start=\"1073\" data-end=\"1076\" \/>\u2705 <strong data-start=\"1078\" data-end=\"1137\">Yeni nesil sorular ile okuma-anlama becerisi geli\u015ftirme<\/strong><br data-start=\"1137\" data-end=\"1140\" \/>\u2705 <strong data-start=\"1142\" data-end=\"1205\">S\u0131n\u0131fland\u0131r\u0131lm\u0131\u015f soru t\u00fcrleri ile sistematik \u00e7al\u0131\u015fma imkan\u0131<\/strong><br data-start=\"1205\" data-end=\"1208\" \/>\u2705 <strong data-start=\"1210\" data-end=\"1240\">Ak\u0131ll\u0131 tahta uyumlu i\u00e7erik<\/strong> ile s\u0131n\u0131f i\u00e7i kullan\u0131m kolayl\u0131\u011f\u0131<br data-start=\"1273\" data-end=\"1276\" \/>\u2705 <strong data-start=\"1278\" data-end=\"1319\">Video \u00e7\u00f6z\u00fcmleriyle desteklenen i\u00e7erik<\/strong><br data-start=\"1319\" data-end=\"1322\" \/>\u2705 <strong data-start=\"1324\" data-end=\"1362\">\u00d6SYM format\u0131na uygun s\u0131nav prati\u011fi<\/strong><\/p>\n<h3 class=\"\" data-start=\"1366\" data-end=\"1406\"><strong data-start=\"1370\" data-end=\"1404\">Kitab\u0131n \u00d6ne \u00c7\u0131kan \u00d6zellikleri:<\/strong><\/h3>\n<p class=\"\" data-start=\"1407\" data-end=\"2068\">\u2714\ufe0f <strong data-start=\"1410\" data-end=\"1443\">Yeni Nesil Paragraf Sorular\u0131:<\/strong> <strong data-start=\"1444\" data-end=\"1532\">Analiz ve yorum gerektiren, derinlemesine d\u00fc\u015f\u00fcnme becerisi kazand\u0131ran sorular i\u00e7erir<\/strong>.<br data-start=\"1533\" data-end=\"1536\" \/>\u2714\ufe0f <strong data-start=\"1539\" data-end=\"1567\">S\u0131n\u0131fland\u0131r\u0131lm\u0131\u015f \u0130\u00e7erik:<\/strong> <strong data-start=\"1568\" data-end=\"1682\">Soru tiplerine g\u00f6re ayr\u0131lm\u0131\u015f b\u00f6l\u00fcmler sayesinde \u00f6\u011frenciler hangi soru t\u00fcr\u00fcnde eksik olduklar\u0131n\u0131 belirleyebilir<\/strong>.<br data-start=\"1683\" data-end=\"1686\" \/>\u2714\ufe0f <strong data-start=\"1689\" data-end=\"1714\">\u00d6SYM\u2019ye Tam Uygunluk:<\/strong> <strong data-start=\"1715\" data-end=\"1797\">Ger\u00e7ek s\u0131nav format\u0131nda haz\u0131rlanm\u0131\u015f sorular ile TYT prati\u011fi yapma imkan\u0131 sunar<\/strong>.<br data-start=\"1798\" data-end=\"1801\" \/>\u2714\ufe0f <strong data-start=\"1804\" data-end=\"1845\">Geli\u015fim Takibi ve Sistematik \u00d6\u011frenme:<\/strong> <strong data-start=\"1846\" data-end=\"1931\">\u00d6\u011frencilerin paragraf \u00e7\u00f6z\u00fcm becerilerini ad\u0131m ad\u0131m geli\u015ftirmelerine yard\u0131mc\u0131 olur<\/strong>.<br data-start=\"1932\" data-end=\"1935\" \/>\u2714\ufe0f <strong data-start=\"1938\" data-end=\"1980\">Video \u00c7\u00f6z\u00fcmleriyle Desteklenen \u0130\u00e7erik:<\/strong> <strong data-start=\"1981\" data-end=\"2065\">\u00c7\u00f6z\u00fcmlerini anlamakta zorlanan \u00f6\u011frenciler i\u00e7in detayl\u0131 anlat\u0131ml\u0131 videolar i\u00e7erir<\/strong>.<\/p>\n<p class=\"\" data-start=\"2070\" data-end=\"2360\">\ud83c\udfaf <strong data-start=\"2073\" data-end=\"2098\">Kimler \u0130\u00e7in Uygundur?<\/strong><br data-start=\"2098\" data-end=\"2101\" \/>\u2705 TYT s\u0131nav\u0131na haz\u0131rlanan \u00f6\u011frenciler<br data-start=\"2137\" data-end=\"2140\" \/>\u2705 Paragraf \u00e7\u00f6zme h\u0131z\u0131n\u0131 ve do\u011fruluk oran\u0131n\u0131 art\u0131rmak isteyenler<br data-start=\"2203\" data-end=\"2206\" \/>\u2705 Yeni nesil soru formatlar\u0131na adapte olmak isteyenler<br data-start=\"2260\" data-end=\"2263\" \/>\u2705 TYT T\u00fcrk\u00e7e testinde zaman y\u00f6netimini \u00f6\u011frenmek ve paragraf becerilerini geli\u015ftirmek isteyenler<\/p>\n<p class=\"\" data-start=\"2362\" data-end=\"2615\">\ud83d\uded2 <strong data-start=\"2365\" data-end=\"2408\">Utku Kitap Ayr\u0131cal\u0131klar\u0131yla Sat\u0131n Al\u0131n!<\/strong><br data-start=\"2408\" data-end=\"2411\" \/>Utku Kitap olarak, <strong data-start=\"2430\" data-end=\"2502\">\u00f6\u011frenciler ve e\u011fitim kurumlar\u0131 i\u00e7in en kaliteli kaynaklar\u0131 sunuyoruz<\/strong>. Okullara ve kurslara <strong data-start=\"2525\" data-end=\"2549\">toplu tedarik imkan\u0131<\/strong> sa\u011flayarak <strong data-start=\"2561\" data-end=\"2593\">h\u0131zl\u0131 ve g\u00fcvenilir al\u0131\u015fveri\u015f<\/strong> deneyimi sunuyoruz.<\/p>\n<p class=\"\" data-start=\"2617\" data-end=\"2682\">\ud83d\udce6 <strong data-start=\"2620\" data-end=\"2654\">Sipari\u015f ve Detayl\u0131 Bilgi \u0130\u00e7in:<\/strong><br data-start=\"2654\" data-end=\"2657\" \/>\ud83d\udc49 <a rel=\"noopener\" data-start=\"2660\" data-end=\"2682\" data-is-last-node=\"\">www.utkukitap.com<\/a><\/p>\n","protected":false},"excerpt":{"rendered":"<p><strong data-start=\"429\" data-end=\"475\">TYT S\u0131n\u0131fland\u0131r\u0131lm\u0131\u015f Paragraf Soru Bankas\u0131<\/strong>, <strong data-start=\"477\" data-end=\"628\">TYT\u2019ye haz\u0131rlanan \u00f6\u011frenciler i\u00e7in \u00f6zel olarak haz\u0131rlanm\u0131\u015f ve paragraf sorular\u0131n\u0131 sistematik bir \u015fekilde \u00e7\u00f6z\u00fcme ula\u015ft\u0131rmay\u0131 hedefleyen bir kaynakt\u0131r<\/strong>. <strong data-start=\"630\" data-end=\"695\">Soru t\u00fcrlerine g\u00f6re ayr\u0131lm\u0131\u015f (s\u0131n\u0131fland\u0131r\u0131lm\u0131\u015f) i\u00e7erik yap\u0131s\u0131<\/strong>, \u00f6\u011frencilerin <strong data-start=\"710\" data-end=\"779\">farkl\u0131 soru tiplerine y\u00f6nelik \u00f6zel \u00e7al\u0131\u015fma yapmas\u0131na olanak tan\u0131r<\/strong>.<\/p>\n","protected":false},"featured_media":9541,"template":"","meta":{"_price":"","_stock":null,"_tribe_ticket_header":"","_tribe_default_ticket_provider":"","_tribe_ticket_capacity":"0","_ticket_start_date":"","_ticket_end_date":"","_tribe_ticket_show_description":"","_tribe_ticket_show_not_going":false,"_tribe_ticket_use_global_stock":"","_tribe_ticket_global_stock_level":"","_global_stock_mode":"","_global_stock_cap":"","_tribe_rsvp_for_event":"","_tribe_ticket_going_count":"","_tribe_ticket_not_going_count":"","_tribe_tickets_list":"[]","_tribe_ticket_has_attendee_info_fields":false},"product_cat":[81],"product_tag":[96,123,124],"class_list":{"0":"post-9540","1":"product","2":"type-product","3":"status-publish","4":"has-post-thumbnail","6":"product_brand-ozdebir-yayinlari","7":"product_cat-tyt","8":"product_tag-tyt","9":"product_tag-tyt-siniflandirilmis-paragraf-soru-bankasi","10":"product_tag-tyt-soru-bankasi","12":"first","13":"instock","14":"virtual","15":"taxable","16":"product-type-simple"},"yoast_head":"<!-- This site is optimized with the Yoast SEO plugin v26.8 - https:\/\/yoast.com\/product\/yoast-seo-wordpress\/ -->\n<title>TYT SINIFLANDIRILMI\u015e PARAGRAF SORU BANKASI - Utku Kitap<\/title>\n<meta name=\"description\" content=\"TYT S\u0131n\u0131fland\u0131r\u0131lm\u0131\u015f Paragraf Soru Bankas\u0131, TYT\u2019ye haz\u0131rlanan \u00f6\u011frenciler i\u00e7in \u00f6zel olarak haz\u0131rlanm\u0131\u015f ve paragraf sorular\u0131n\u0131 sistematik bir \u015fekilde \u00e7\u00f6z\u00fcme ula\u015ft\u0131rmay\u0131 hedefleyen bir kaynakt\u0131r. Soru t\u00fcrlerine g\u00f6re ayr\u0131lm\u0131\u015f (s\u0131n\u0131fland\u0131r\u0131lm\u0131\u015f) i\u00e7erik yap\u0131s\u0131, \u00f6\u011frencilerin farkl\u0131 soru tiplerine y\u00f6nelik \u00f6zel \u00e7al\u0131\u015fma yapmas\u0131na olanak tan\u0131r.\" \/>\n<meta name=\"robots\" content=\"index, follow, max-snippet:-1, max-image-preview:large, max-video-preview:-1\" \/>\n<link rel=\"canonical\" href=\"http:\/\/www.utkukitap.com\/index.php\/product\/tyt-siniflandirilmis-paragraf-soru-bankasi\/\" \/>\n<meta property=\"og:locale\" content=\"tr_TR\" \/>\n<meta property=\"og:type\" content=\"article\" \/>\n<meta property=\"og:title\" content=\"TYT SINIFLANDIRILMI\u015e PARAGRAF SORU BANKASI - Utku Kitap\" \/>\n<meta property=\"og:description\" content=\"TYT S\u0131n\u0131fland\u0131r\u0131lm\u0131\u015f Paragraf Soru Bankas\u0131, TYT\u2019ye haz\u0131rlanan \u00f6\u011frenciler i\u00e7in \u00f6zel olarak haz\u0131rlanm\u0131\u015f ve paragraf sorular\u0131n\u0131 sistematik bir \u015fekilde \u00e7\u00f6z\u00fcme ula\u015ft\u0131rmay\u0131 hedefleyen bir kaynakt\u0131r. Soru t\u00fcrlerine g\u00f6re ayr\u0131lm\u0131\u015f (s\u0131n\u0131fland\u0131r\u0131lm\u0131\u015f) i\u00e7erik yap\u0131s\u0131, \u00f6\u011frencilerin farkl\u0131 soru tiplerine y\u00f6nelik \u00f6zel \u00e7al\u0131\u015fma yapmas\u0131na olanak tan\u0131r.\" \/>\n<meta property=\"og:url\" content=\"http:\/\/www.utkukitap.com\/index.php\/product\/tyt-siniflandirilmis-paragraf-soru-bankasi\/\" \/>\n<meta property=\"og:site_name\" content=\"Utku Kitap\" \/>\n<meta property=\"article:modified_time\" content=\"2025-03-23T19:51:39+00:00\" \/>\n<meta property=\"og:image\" content=\"http:\/\/www.utkukitap.com\/wp-content\/uploads\/2025\/03\/PARAGRAF-KTP-KPK-2024RKLM2.png\" \/>\n\t<meta property=\"og:image:width\" content=\"1314\" \/>\n\t<meta property=\"og:image:height\" content=\"1783\" \/>\n\t<meta property=\"og:image:type\" content=\"image\/png\" \/>\n<meta name=\"twitter:card\" content=\"summary_large_image\" \/>\n<meta name=\"twitter:label1\" content=\"Tahmini okuma s\u00fcresi\" \/>\n\t<meta name=\"twitter:data1\" content=\"3 dakika\" \/>\n<script type=\"application\/ld+json\" class=\"yoast-schema-graph\">{\"@context\":\"https:\/\/schema.org\",\"@graph\":[{\"@type\":\"WebPage\",\"@id\":\"http:\/\/www.utkukitap.com\/index.php\/product\/tyt-siniflandirilmis-paragraf-soru-bankasi\/\",\"url\":\"http:\/\/www.utkukitap.com\/index.php\/product\/tyt-siniflandirilmis-paragraf-soru-bankasi\/\",\"name\":\"TYT SINIFLANDIRILMI\u015e PARAGRAF SORU BANKASI - Utku Kitap\",\"isPartOf\":{\"@id\":\"http:\/\/www.utkukitap.com\/#website\"},\"primaryImageOfPage\":{\"@id\":\"http:\/\/www.utkukitap.com\/index.php\/product\/tyt-siniflandirilmis-paragraf-soru-bankasi\/#primaryimage\"},\"image\":{\"@id\":\"http:\/\/www.utkukitap.com\/index.php\/product\/tyt-siniflandirilmis-paragraf-soru-bankasi\/#primaryimage\"},\"thumbnailUrl\":\"http:\/\/www.utkukitap.com\/wp-content\/uploads\/2025\/03\/PARAGRAF-KTP-KPK-2024RKLM2.png\",\"datePublished\":\"2025-03-23T19:51:01+00:00\",\"dateModified\":\"2025-03-23T19:51:39+00:00\",\"description\":\"TYT S\u0131n\u0131fland\u0131r\u0131lm\u0131\u015f Paragraf Soru Bankas\u0131, TYT\u2019ye haz\u0131rlanan \u00f6\u011frenciler i\u00e7in \u00f6zel olarak haz\u0131rlanm\u0131\u015f ve paragraf sorular\u0131n\u0131 sistematik bir \u015fekilde \u00e7\u00f6z\u00fcme ula\u015ft\u0131rmay\u0131 hedefleyen bir kaynakt\u0131r. Soru t\u00fcrlerine g\u00f6re ayr\u0131lm\u0131\u015f (s\u0131n\u0131fland\u0131r\u0131lm\u0131\u015f) i\u00e7erik yap\u0131s\u0131, \u00f6\u011frencilerin farkl\u0131 soru tiplerine y\u00f6nelik \u00f6zel \u00e7al\u0131\u015fma yapmas\u0131na olanak tan\u0131r.\",\"breadcrumb\":{\"@id\":\"http:\/\/www.utkukitap.com\/index.php\/product\/tyt-siniflandirilmis-paragraf-soru-bankasi\/#breadcrumb\"},\"inLanguage\":\"tr\",\"potentialAction\":[{\"@type\":\"ReadAction\",\"target\":[\"http:\/\/www.utkukitap.com\/index.php\/product\/tyt-siniflandirilmis-paragraf-soru-bankasi\/\"]}]},{\"@type\":\"ImageObject\",\"inLanguage\":\"tr\",\"@id\":\"http:\/\/www.utkukitap.com\/index.php\/product\/tyt-siniflandirilmis-paragraf-soru-bankasi\/#primaryimage\",\"url\":\"http:\/\/www.utkukitap.com\/wp-content\/uploads\/2025\/03\/PARAGRAF-KTP-KPK-2024RKLM2.png\",\"contentUrl\":\"http:\/\/www.utkukitap.com\/wp-content\/uploads\/2025\/03\/PARAGRAF-KTP-KPK-2024RKLM2.png\",\"width\":1314,\"height\":1783},{\"@type\":\"BreadcrumbList\",\"@id\":\"http:\/\/www.utkukitap.com\/index.php\/product\/tyt-siniflandirilmis-paragraf-soru-bankasi\/#breadcrumb\",\"itemListElement\":[{\"@type\":\"ListItem\",\"position\":1,\"name\":\"Anasayfa\",\"item\":\"http:\/\/www.utkukitap.com\/\"},{\"@type\":\"ListItem\",\"position\":2,\"name\":\"Yay\u0131nlar\",\"item\":\"http:\/\/www.utkukitap.com\/index.php\/yayinlar\/\"},{\"@type\":\"ListItem\",\"position\":3,\"name\":\"TYT SINIFLANDIRILMI\u015e PARAGRAF SORU BANKASI\"}]},{\"@type\":\"WebSite\",\"@id\":\"http:\/\/www.utkukitap.com\/#website\",\"url\":\"http:\/\/www.utkukitap.com\/\",\"name\":\"Utku Kitap\",\"description\":\"Utku Kitap Yay\u0131nc\u0131l\u0131k\",\"publisher\":{\"@id\":\"http:\/\/www.utkukitap.com\/#organization\"},\"potentialAction\":[{\"@type\":\"SearchAction\",\"target\":{\"@type\":\"EntryPoint\",\"urlTemplate\":\"http:\/\/www.utkukitap.com\/?s={search_term_string}\"},\"query-input\":{\"@type\":\"PropertyValueSpecification\",\"valueRequired\":true,\"valueName\":\"search_term_string\"}}],\"inLanguage\":\"tr\"},{\"@type\":\"Organization\",\"@id\":\"http:\/\/www.utkukitap.com\/#organization\",\"name\":\"Utku Kitap\",\"url\":\"http:\/\/www.utkukitap.com\/\",\"logo\":{\"@type\":\"ImageObject\",\"inLanguage\":\"tr\",\"@id\":\"http:\/\/www.utkukitap.com\/#\/schema\/logo\/image\/\",\"url\":\"http:\/\/www.utkukitap.com\/wp-content\/uploads\/2025\/02\/cropped-Varlik-1.png\",\"contentUrl\":\"http:\/\/www.utkukitap.com\/wp-content\/uploads\/2025\/02\/cropped-Varlik-1.png\",\"width\":534,\"height\":190,\"caption\":\"Utku Kitap\"},\"image\":{\"@id\":\"http:\/\/www.utkukitap.com\/#\/schema\/logo\/image\/\"}}]}<\/script>\n<!-- \/ Yoast SEO plugin. -->","yoast_head_json":{"title":"TYT SINIFLANDIRILMI\u015e PARAGRAF SORU BANKASI - Utku Kitap","description":"TYT S\u0131n\u0131fland\u0131r\u0131lm\u0131\u015f Paragraf Soru Bankas\u0131, TYT\u2019ye haz\u0131rlanan \u00f6\u011frenciler i\u00e7in \u00f6zel olarak haz\u0131rlanm\u0131\u015f ve paragraf sorular\u0131n\u0131 sistematik bir \u015fekilde \u00e7\u00f6z\u00fcme ula\u015ft\u0131rmay\u0131 hedefleyen bir kaynakt\u0131r. Soru t\u00fcrlerine g\u00f6re ayr\u0131lm\u0131\u015f (s\u0131n\u0131fland\u0131r\u0131lm\u0131\u015f) i\u00e7erik yap\u0131s\u0131, \u00f6\u011frencilerin farkl\u0131 soru tiplerine y\u00f6nelik \u00f6zel \u00e7al\u0131\u015fma yapmas\u0131na olanak tan\u0131r.","robots":{"index":"index","follow":"follow","max-snippet":"max-snippet:-1","max-image-preview":"max-image-preview:large","max-video-preview":"max-video-preview:-1"},"canonical":"http:\/\/www.utkukitap.com\/index.php\/product\/tyt-siniflandirilmis-paragraf-soru-bankasi\/","og_locale":"tr_TR","og_type":"article","og_title":"TYT SINIFLANDIRILMI\u015e PARAGRAF SORU BANKASI - Utku Kitap","og_description":"TYT S\u0131n\u0131fland\u0131r\u0131lm\u0131\u015f Paragraf Soru Bankas\u0131, TYT\u2019ye haz\u0131rlanan \u00f6\u011frenciler i\u00e7in \u00f6zel olarak haz\u0131rlanm\u0131\u015f ve paragraf sorular\u0131n\u0131 sistematik bir \u015fekilde \u00e7\u00f6z\u00fcme ula\u015ft\u0131rmay\u0131 hedefleyen bir kaynakt\u0131r. Soru t\u00fcrlerine g\u00f6re ayr\u0131lm\u0131\u015f (s\u0131n\u0131fland\u0131r\u0131lm\u0131\u015f) i\u00e7erik yap\u0131s\u0131, \u00f6\u011frencilerin farkl\u0131 soru tiplerine y\u00f6nelik \u00f6zel \u00e7al\u0131\u015fma yapmas\u0131na olanak tan\u0131r.","og_url":"http:\/\/www.utkukitap.com\/index.php\/product\/tyt-siniflandirilmis-paragraf-soru-bankasi\/","og_site_name":"Utku Kitap","article_modified_time":"2025-03-23T19:51:39+00:00","og_image":[{"width":1314,"height":1783,"url":"http:\/\/www.utkukitap.com\/wp-content\/uploads\/2025\/03\/PARAGRAF-KTP-KPK-2024RKLM2.png","type":"image\/png"}],"twitter_card":"summary_large_image","twitter_misc":{"Tahmini okuma s\u00fcresi":"3 dakika"},"schema":{"@context":"https:\/\/schema.org","@graph":[{"@type":"WebPage","@id":"http:\/\/www.utkukitap.com\/index.php\/product\/tyt-siniflandirilmis-paragraf-soru-bankasi\/","url":"http:\/\/www.utkukitap.com\/index.php\/product\/tyt-siniflandirilmis-paragraf-soru-bankasi\/","name":"TYT SINIFLANDIRILMI\u015e PARAGRAF SORU BANKASI - Utku Kitap","isPartOf":{"@id":"http:\/\/www.utkukitap.com\/#website"},"primaryImageOfPage":{"@id":"http:\/\/www.utkukitap.com\/index.php\/product\/tyt-siniflandirilmis-paragraf-soru-bankasi\/#primaryimage"},"image":{"@id":"http:\/\/www.utkukitap.com\/index.php\/product\/tyt-siniflandirilmis-paragraf-soru-bankasi\/#primaryimage"},"thumbnailUrl":"http:\/\/www.utkukitap.com\/wp-content\/uploads\/2025\/03\/PARAGRAF-KTP-KPK-2024RKLM2.png","datePublished":"2025-03-23T19:51:01+00:00","dateModified":"2025-03-23T19:51:39+00:00","description":"TYT S\u0131n\u0131fland\u0131r\u0131lm\u0131\u015f Paragraf Soru Bankas\u0131, TYT\u2019ye haz\u0131rlanan \u00f6\u011frenciler i\u00e7in \u00f6zel olarak haz\u0131rlanm\u0131\u015f ve paragraf sorular\u0131n\u0131 sistematik bir \u015fekilde \u00e7\u00f6z\u00fcme ula\u015ft\u0131rmay\u0131 hedefleyen bir kaynakt\u0131r. Soru t\u00fcrlerine g\u00f6re ayr\u0131lm\u0131\u015f (s\u0131n\u0131fland\u0131r\u0131lm\u0131\u015f) i\u00e7erik yap\u0131s\u0131, \u00f6\u011frencilerin farkl\u0131 soru tiplerine y\u00f6nelik \u00f6zel \u00e7al\u0131\u015fma yapmas\u0131na olanak tan\u0131r.","breadcrumb":{"@id":"http:\/\/www.utkukitap.com\/index.php\/product\/tyt-siniflandirilmis-paragraf-soru-bankasi\/#breadcrumb"},"inLanguage":"tr","potentialAction":[{"@type":"ReadAction","target":["http:\/\/www.utkukitap.com\/index.php\/product\/tyt-siniflandirilmis-paragraf-soru-bankasi\/"]}]},{"@type":"ImageObject","inLanguage":"tr","@id":"http:\/\/www.utkukitap.com\/index.php\/product\/tyt-siniflandirilmis-paragraf-soru-bankasi\/#primaryimage","url":"http:\/\/www.utkukitap.com\/wp-content\/uploads\/2025\/03\/PARAGRAF-KTP-KPK-2024RKLM2.png","contentUrl":"http:\/\/www.utkukitap.com\/wp-content\/uploads\/2025\/03\/PARAGRAF-KTP-KPK-2024RKLM2.png","width":1314,"height":1783},{"@type":"BreadcrumbList","@id":"http:\/\/www.utkukitap.com\/index.php\/product\/tyt-siniflandirilmis-paragraf-soru-bankasi\/#breadcrumb","itemListElement":[{"@type":"ListItem","position":1,"name":"Anasayfa","item":"http:\/\/www.utkukitap.com\/"},{"@type":"ListItem","position":2,"name":"Yay\u0131nlar","item":"http:\/\/www.utkukitap.com\/index.php\/yayinlar\/"},{"@type":"ListItem","position":3,"name":"TYT SINIFLANDIRILMI\u015e PARAGRAF SORU BANKASI"}]},{"@type":"WebSite","@id":"http:\/\/www.utkukitap.com\/#website","url":"http:\/\/www.utkukitap.com\/","name":"Utku Kitap","description":"Utku Kitap Yay\u0131nc\u0131l\u0131k","publisher":{"@id":"http:\/\/www.utkukitap.com\/#organization"},"potentialAction":[{"@type":"SearchAction","target":{"@type":"EntryPoint","urlTemplate":"http:\/\/www.utkukitap.com\/?s={search_term_string}"},"query-input":{"@type":"PropertyValueSpecification","valueRequired":true,"valueName":"search_term_string"}}],"inLanguage":"tr"},{"@type":"Organization","@id":"http:\/\/www.utkukitap.com\/#organization","name":"Utku Kitap","url":"http:\/\/www.utkukitap.com\/","logo":{"@type":"ImageObject","inLanguage":"tr","@id":"http:\/\/www.utkukitap.com\/#\/schema\/logo\/image\/","url":"http:\/\/www.utkukitap.com\/wp-content\/uploads\/2025\/02\/cropped-Varlik-1.png","contentUrl":"http:\/\/www.utkukitap.com\/wp-content\/uploads\/2025\/02\/cropped-Varlik-1.png","width":534,"height":190,"caption":"Utku Kitap"},"image":{"@id":"http:\/\/www.utkukitap.com\/#\/schema\/logo\/image\/"}}]}},"_links":{"self":[{"href":"http:\/\/www.utkukitap.com\/index.php\/wp-json\/wp\/v2\/product\/9540","targetHints":{"allow":["GET"]}}],"collection":[{"href":"http:\/\/www.utkukitap.com\/index.php\/wp-json\/wp\/v2\/product"}],"about":[{"href":"http:\/\/www.utkukitap.com\/index.php\/wp-json\/wp\/v2\/types\/product"}],"wp:featuredmedia":[{"embeddable":true,"href":"http:\/\/www.utkukitap.com\/index.php\/wp-json\/wp\/v2\/media\/9541"}],"wp:attachment":[{"href":"http:\/\/www.utkukitap.com\/index.php\/wp-json\/wp\/v2\/media?parent=9540"}],"wp:term":[{"taxonomy":"product_cat","embeddable":true,"href":"http:\/\/www.utkukitap.com\/index.php\/wp-json\/wp\/v2\/product_cat?post=9540"},{"taxonomy":"product_tag","embeddable":true,"href":"http:\/\/www.utkukitap.com\/index.php\/wp-json\/wp\/v2\/product_tag?post=9540"}],"curies":[{"name":"wp","href":"https:\/\/api.w.org\/{rel}","templated":true}]}}