{"id":9542,"date":"2025-03-23T19:55:17","date_gmt":"2025-03-23T19:55:17","guid":{"rendered":"http:\/\/www.utkukitap.com\/?post_type=product&#038;p=9542"},"modified":"2025-03-23T19:55:17","modified_gmt":"2025-03-23T19:55:17","slug":"tyt-siniflandirilmis-problemler-soru-bankasi","status":"publish","type":"product","link":"http:\/\/www.utkukitap.com\/index.php\/product\/tyt-siniflandirilmis-problemler-soru-bankasi\/","title":{"rendered":"TYT SINIFLANDIRILMI\u015e PROBLEMLER SORU BANKASI"},"content":{"rendered":"<p class=\"\" data-start=\"56\" data-end=\"417\">\ud83d\udcd8 <strong data-start=\"59\" data-end=\"72\">\u00dcr\u00fcn Ad\u0131:<\/strong> TYT SINIFLANDIRILMI\u015e PROBLEMLER SORU BANKASI<br data-start=\"117\" data-end=\"120\" \/>\ud83c\udfeb <strong data-start=\"123\" data-end=\"133\">S\u0131nav:<\/strong> TYT (Temel Yeterlilik Testi)<br data-start=\"162\" data-end=\"165\" \/>\ud83d\udcd6 <strong data-start=\"168\" data-end=\"181\">Kategori:<\/strong> Soru Bankalar\u0131<br data-start=\"196\" data-end=\"199\" \/>\ud83d\udcda <strong data-start=\"202\" data-end=\"215\">Yay\u0131nevi:<\/strong> \u00d6zdebir Yay\u0131nlar\u0131<br data-start=\"233\" data-end=\"236\" \/>\ud83d\udcc6 <strong data-start=\"239\" data-end=\"250\">\u0130\u00e7erik:<\/strong> TYT format\u0131na uygun, zeka temelli s\u0131n\u0131fland\u0131r\u0131lm\u0131\u015f problem sorular\u0131<br data-start=\"318\" data-end=\"321\" \/>\ud83d\udccf <strong data-start=\"324\" data-end=\"333\">Ebat:<\/strong> Standart kitap boyutu<br data-start=\"355\" data-end=\"358\" \/>\ud83d\udcc4 <strong data-start=\"361\" data-end=\"376\">Kapak T\u00fcr\u00fc:<\/strong> Ku\u015fe Kapak<br data-start=\"387\" data-end=\"390\" \/>\ud83c\udf08 <strong data-start=\"393\" data-end=\"408\">Bask\u0131 T\u00fcr\u00fc:<\/strong> Renkli<\/p>\n<h3 class=\"\" data-start=\"419\" data-end=\"445\"><strong data-start=\"423\" data-end=\"443\">\u00dcr\u00fcn A\u00e7\u0131klamas\u0131:<\/strong><\/h3>\n<p class=\"\" data-start=\"446\" data-end=\"821\"><strong data-start=\"446\" data-end=\"494\">TYT S\u0131n\u0131fland\u0131r\u0131lm\u0131\u015f Problemler Soru Bankas\u0131<\/strong>, <strong data-start=\"496\" data-end=\"582\">problemleri \u00e7\u00f6zme becerilerini geli\u015ftirmek i\u00e7in \u00f6zel olarak tasarlanm\u0131\u015f bir kaynak<\/strong> olup, <strong data-start=\"589\" data-end=\"684\">say\u0131sal, s\u00f6zel ve g\u00f6rsel zekay\u0131 geli\u015ftiren s\u0131n\u0131fland\u0131r\u0131lm\u0131\u015f soru format\u0131 ile haz\u0131rlanm\u0131\u015ft\u0131r<\/strong>. <strong data-start=\"686\" data-end=\"729\">Tamam\u0131 video \u00e7\u00f6z\u00fcml\u00fc yeni nesil sorular<\/strong>, <strong data-start=\"731\" data-end=\"805\">kesir problemleri ve problem \u00e7\u00f6zme tekniklerine y\u00f6nelik \u00f6zel i\u00e7erikler<\/strong> i\u00e7ermektedir.<\/p>\n<p class=\"\" data-start=\"823\" data-end=\"957\">Bu kitap, <strong data-start=\"833\" data-end=\"922\">problemleri farkl\u0131 a\u00e7\u0131lardan ele almay\u0131 ve analitik d\u00fc\u015f\u00fcnme becerilerini geli\u015ftirmeyi<\/strong> hedefleyen \u00f6zg\u00fcn sorular i\u00e7erir.<\/p>\n<p class=\"\" data-start=\"959\" data-end=\"1345\">\ud83d\udcda <strong data-start=\"962\" data-end=\"980\">Kitap \u0130\u00e7eri\u011fi:<\/strong><br data-start=\"980\" data-end=\"983\" \/>\u2705 <strong data-start=\"985\" data-end=\"1041\">S\u0131nav sistemine uygun, g\u00fcncellenmi\u015f problem sorular\u0131<\/strong><br data-start=\"1041\" data-end=\"1044\" \/>\u2705 <strong data-start=\"1046\" data-end=\"1085\">Yeni nesil problem \u00e7\u00f6zme teknikleri<\/strong><br data-start=\"1085\" data-end=\"1088\" \/>\u2705 <strong data-start=\"1090\" data-end=\"1137\">Kesir problemleri ve farkl\u0131 problem t\u00fcrleri<\/strong><br data-start=\"1137\" data-end=\"1140\" \/>\u2705 <strong data-start=\"1142\" data-end=\"1190\">Say\u0131sal, s\u00f6zel ve g\u00f6rsel zeka odakl\u0131 testler<\/strong><br data-start=\"1190\" data-end=\"1193\" \/>\u2705 <strong data-start=\"1195\" data-end=\"1225\">Ak\u0131ll\u0131 tahta uyumlu i\u00e7erik<\/strong> ile s\u0131n\u0131f i\u00e7i kullan\u0131m kolayl\u0131\u011f\u0131<br data-start=\"1258\" data-end=\"1261\" \/>\u2705 <strong data-start=\"1263\" data-end=\"1295\">Tamam\u0131 video \u00e7\u00f6z\u00fcml\u00fc sorular<\/strong><br data-start=\"1295\" data-end=\"1298\" \/>\u2705 <strong data-start=\"1300\" data-end=\"1343\">S\u0131nav prati\u011fini art\u0131ran \u00f6zg\u00fcn i\u00e7erikler<\/strong><\/p>\n<h3 class=\"\" data-start=\"1347\" data-end=\"1387\"><strong data-start=\"1351\" data-end=\"1385\">Kitab\u0131n \u00d6ne \u00c7\u0131kan \u00d6zellikleri:<\/strong><\/h3>\n<p class=\"\" data-start=\"1388\" data-end=\"2008\">\u2714\ufe0f <strong data-start=\"1391\" data-end=\"1417\">Yeni Nesil Problemler:<\/strong> <strong data-start=\"1418\" data-end=\"1510\">Mant\u0131k ve i\u015flem becerisini geli\u015ftiren, analiz ve yorum gerektiren problem t\u00fcrleri i\u00e7erir<\/strong>.<br data-start=\"1511\" data-end=\"1514\" \/>\u2714\ufe0f <strong data-start=\"1517\" data-end=\"1545\">S\u0131n\u0131fland\u0131r\u0131lm\u0131\u015f \u0130\u00e7erik:<\/strong> <strong data-start=\"1546\" data-end=\"1621\">Problemler, \u00e7\u00f6z\u00fcme y\u00f6nelik farkl\u0131 tekniklere g\u00f6re kategorize edilmi\u015ftir<\/strong>.<br data-start=\"1622\" data-end=\"1625\" \/>\u2714\ufe0f <strong data-start=\"1628\" data-end=\"1653\">\u00d6SYM\u2019ye Tam Uygunluk:<\/strong> <strong data-start=\"1654\" data-end=\"1736\">Ger\u00e7ek s\u0131nav format\u0131nda haz\u0131rlanm\u0131\u015f sorular ile TYT prati\u011fi yapma imkan\u0131 sunar<\/strong>.<br data-start=\"1737\" data-end=\"1740\" \/>\u2714\ufe0f <strong data-start=\"1743\" data-end=\"1801\">Say\u0131sal, S\u00f6zel ve G\u00f6rsel Zeka Becerilerini Geli\u015ftirme:<\/strong> <strong data-start=\"1802\" data-end=\"1869\">Farkl\u0131 problem t\u00fcrleriyle \u00e7ok y\u00f6nl\u00fc d\u00fc\u015f\u00fcnme becerisi kazand\u0131r\u0131r<\/strong>.<br data-start=\"1870\" data-end=\"1873\" \/>\u2714\ufe0f <strong data-start=\"1876\" data-end=\"1918\">Video \u00c7\u00f6z\u00fcmleriyle Desteklenen \u0130\u00e7erik:<\/strong> <strong data-start=\"1919\" data-end=\"2005\">\u00d6\u011frencinin tak\u0131ld\u0131\u011f\u0131 sorular\u0131 detayl\u0131 \u00e7\u00f6z\u00fcm videolar\u0131 ile anlamas\u0131na yard\u0131mc\u0131 olur<\/strong>.<\/p>\n<p class=\"\" data-start=\"2010\" data-end=\"2244\">\ud83c\udfaf <strong data-start=\"2013\" data-end=\"2038\">Kimler \u0130\u00e7in Uygundur?<\/strong><br data-start=\"2038\" data-end=\"2041\" \/>\u2705 TYT s\u0131nav\u0131na haz\u0131rlanan \u00f6\u011frenciler<br data-start=\"2077\" data-end=\"2080\" \/>\u2705 Problem \u00e7\u00f6zme becerisini art\u0131rmak isteyenler<br data-start=\"2126\" data-end=\"2129\" \/>\u2705 Yeni nesil problem sorular\u0131na adapte olmak isteyenler<br data-start=\"2184\" data-end=\"2187\" \/>\u2705 TYT Matematik testinde ba\u015far\u0131y\u0131 hedefleyen \u00f6\u011frenciler<\/p>\n<p class=\"\" data-start=\"2246\" data-end=\"2499\">\ud83d\uded2 <strong data-start=\"2249\" data-end=\"2292\">Utku Kitap Ayr\u0131cal\u0131klar\u0131yla Sat\u0131n Al\u0131n!<\/strong><br data-start=\"2292\" data-end=\"2295\" \/>Utku Kitap olarak, <strong data-start=\"2314\" data-end=\"2386\">\u00f6\u011frenciler ve e\u011fitim kurumlar\u0131 i\u00e7in en kaliteli kaynaklar\u0131 sunuyoruz<\/strong>. Okullara ve kurslara <strong data-start=\"2409\" data-end=\"2433\">toplu tedarik imkan\u0131<\/strong> sa\u011flayarak <strong data-start=\"2445\" data-end=\"2477\">h\u0131zl\u0131 ve g\u00fcvenilir al\u0131\u015fveri\u015f<\/strong> deneyimi sunuyoruz.<\/p>\n<p class=\"\" data-start=\"2501\" data-end=\"2566\">\ud83d\udce6 <strong data-start=\"2504\" data-end=\"2538\">Sipari\u015f ve Detayl\u0131 Bilgi \u0130\u00e7in:<\/strong><br data-start=\"2538\" data-end=\"2541\" \/>\ud83d\udc49 <a rel=\"noopener\" data-start=\"2544\" data-end=\"2566\" data-is-last-node=\"\">www.utkukitap.com<\/a><\/p>\n","protected":false},"excerpt":{"rendered":"<p><strong data-start=\"446\" data-end=\"494\">TYT S\u0131n\u0131fland\u0131r\u0131lm\u0131\u015f Problemler Soru Bankas\u0131<\/strong>, <strong data-start=\"496\" data-end=\"582\">problemleri \u00e7\u00f6zme becerilerini geli\u015ftirmek i\u00e7in \u00f6zel olarak tasarlanm\u0131\u015f bir kaynak<\/strong> olup, <strong data-start=\"589\" data-end=\"684\">say\u0131sal, s\u00f6zel ve g\u00f6rsel zekay\u0131 geli\u015ftiren s\u0131n\u0131fland\u0131r\u0131lm\u0131\u015f soru format\u0131 ile haz\u0131rlanm\u0131\u015ft\u0131r<\/strong>. <strong data-start=\"686\" data-end=\"729\">Tamam\u0131 video \u00e7\u00f6z\u00fcml\u00fc yeni nesil sorular<\/strong>, <strong data-start=\"731\" data-end=\"805\">kesir problemleri ve problem \u00e7\u00f6zme tekniklerine y\u00f6nelik \u00f6zel i\u00e7erikler<\/strong> i\u00e7ermektedir.<\/p>\n","protected":false},"featured_media":9543,"template":"","meta":{"_price":"","_stock":null,"_tribe_ticket_header":"","_tribe_default_ticket_provider":"","_tribe_ticket_capacity":"0","_ticket_start_date":"","_ticket_end_date":"","_tribe_ticket_show_description":"","_tribe_ticket_show_not_going":false,"_tribe_ticket_use_global_stock":"","_tribe_ticket_global_stock_level":"","_global_stock_mode":"","_global_stock_cap":"","_tribe_rsvp_for_event":"","_tribe_ticket_going_count":"","_tribe_ticket_not_going_count":"","_tribe_tickets_list":"[]","_tribe_ticket_has_attendee_info_fields":false},"product_cat":[81],"product_tag":[91,96,125,124],"class_list":{"0":"post-9542","1":"product","2":"type-product","3":"status-publish","4":"has-post-thumbnail","6":"product_brand-ozdebir-yayinlari","7":"product_cat-tyt","8":"product_tag-soru-bankasi","9":"product_tag-tyt","10":"product_tag-tyt-siniflandirilmis-problemler-soru-bankasi","11":"product_tag-tyt-soru-bankasi","13":"first","14":"instock","15":"virtual","16":"taxable","17":"product-type-simple"},"yoast_head":"<!-- This site is optimized with the Yoast SEO plugin v26.8 - https:\/\/yoast.com\/product\/yoast-seo-wordpress\/ -->\n<title>TYT SINIFLANDIRILMI\u015e PROBLEMLER SORU BANKASI - Utku Kitap<\/title>\n<meta name=\"description\" content=\"TYT S\u0131n\u0131fland\u0131r\u0131lm\u0131\u015f Problemler Soru Bankas\u0131, problemleri \u00e7\u00f6zme becerilerini geli\u015ftirmek i\u00e7in \u00f6zel olarak tasarlanm\u0131\u015f bir kaynak olup, say\u0131sal, s\u00f6zel ve g\u00f6rsel zekay\u0131 geli\u015ftiren s\u0131n\u0131fland\u0131r\u0131lm\u0131\u015f soru format\u0131 ile haz\u0131rlanm\u0131\u015ft\u0131r. Tamam\u0131 video \u00e7\u00f6z\u00fcml\u00fc yeni nesil sorular, kesir problemleri ve problem \u00e7\u00f6zme tekniklerine y\u00f6nelik \u00f6zel i\u00e7erikler i\u00e7ermektedir.\" \/>\n<meta name=\"robots\" content=\"index, follow, max-snippet:-1, max-image-preview:large, max-video-preview:-1\" \/>\n<link rel=\"canonical\" href=\"http:\/\/www.utkukitap.com\/index.php\/product\/tyt-siniflandirilmis-problemler-soru-bankasi\/\" \/>\n<meta property=\"og:locale\" content=\"tr_TR\" \/>\n<meta property=\"og:type\" content=\"article\" \/>\n<meta property=\"og:title\" content=\"TYT SINIFLANDIRILMI\u015e PROBLEMLER SORU BANKASI - Utku Kitap\" \/>\n<meta property=\"og:description\" content=\"TYT S\u0131n\u0131fland\u0131r\u0131lm\u0131\u015f Problemler Soru Bankas\u0131, problemleri \u00e7\u00f6zme becerilerini geli\u015ftirmek i\u00e7in \u00f6zel olarak tasarlanm\u0131\u015f bir kaynak olup, say\u0131sal, s\u00f6zel ve g\u00f6rsel zekay\u0131 geli\u015ftiren s\u0131n\u0131fland\u0131r\u0131lm\u0131\u015f soru format\u0131 ile haz\u0131rlanm\u0131\u015ft\u0131r. Tamam\u0131 video \u00e7\u00f6z\u00fcml\u00fc yeni nesil sorular, kesir problemleri ve problem \u00e7\u00f6zme tekniklerine y\u00f6nelik \u00f6zel i\u00e7erikler i\u00e7ermektedir.\" \/>\n<meta property=\"og:url\" content=\"http:\/\/www.utkukitap.com\/index.php\/product\/tyt-siniflandirilmis-problemler-soru-bankasi\/\" \/>\n<meta property=\"og:site_name\" content=\"Utku Kitap\" \/>\n<meta property=\"og:image\" content=\"http:\/\/www.utkukitap.com\/wp-content\/uploads\/2025\/03\/PROBLEMLER-KTP-KPK-2024RKLM2-755x1024.png\" \/>\n\t<meta property=\"og:image:width\" content=\"755\" \/>\n\t<meta property=\"og:image:height\" content=\"1024\" \/>\n\t<meta property=\"og:image:type\" content=\"image\/png\" \/>\n<meta name=\"twitter:card\" content=\"summary_large_image\" \/>\n<meta name=\"twitter:label1\" content=\"Tahmini okuma s\u00fcresi\" \/>\n\t<meta name=\"twitter:data1\" content=\"3 dakika\" \/>\n<script type=\"application\/ld+json\" class=\"yoast-schema-graph\">{\"@context\":\"https:\/\/schema.org\",\"@graph\":[{\"@type\":\"WebPage\",\"@id\":\"http:\/\/www.utkukitap.com\/index.php\/product\/tyt-siniflandirilmis-problemler-soru-bankasi\/\",\"url\":\"http:\/\/www.utkukitap.com\/index.php\/product\/tyt-siniflandirilmis-problemler-soru-bankasi\/\",\"name\":\"TYT SINIFLANDIRILMI\u015e PROBLEMLER SORU BANKASI - Utku Kitap\",\"isPartOf\":{\"@id\":\"http:\/\/www.utkukitap.com\/#website\"},\"primaryImageOfPage\":{\"@id\":\"http:\/\/www.utkukitap.com\/index.php\/product\/tyt-siniflandirilmis-problemler-soru-bankasi\/#primaryimage\"},\"image\":{\"@id\":\"http:\/\/www.utkukitap.com\/index.php\/product\/tyt-siniflandirilmis-problemler-soru-bankasi\/#primaryimage\"},\"thumbnailUrl\":\"http:\/\/www.utkukitap.com\/wp-content\/uploads\/2025\/03\/PROBLEMLER-KTP-KPK-2024RKLM2.png\",\"datePublished\":\"2025-03-23T19:55:17+00:00\",\"description\":\"TYT S\u0131n\u0131fland\u0131r\u0131lm\u0131\u015f Problemler Soru Bankas\u0131, problemleri \u00e7\u00f6zme becerilerini geli\u015ftirmek i\u00e7in \u00f6zel olarak tasarlanm\u0131\u015f bir kaynak olup, say\u0131sal, s\u00f6zel ve g\u00f6rsel zekay\u0131 geli\u015ftiren s\u0131n\u0131fland\u0131r\u0131lm\u0131\u015f soru format\u0131 ile haz\u0131rlanm\u0131\u015ft\u0131r. Tamam\u0131 video \u00e7\u00f6z\u00fcml\u00fc yeni nesil sorular, kesir problemleri ve problem \u00e7\u00f6zme tekniklerine y\u00f6nelik \u00f6zel i\u00e7erikler i\u00e7ermektedir.\",\"breadcrumb\":{\"@id\":\"http:\/\/www.utkukitap.com\/index.php\/product\/tyt-siniflandirilmis-problemler-soru-bankasi\/#breadcrumb\"},\"inLanguage\":\"tr\",\"potentialAction\":[{\"@type\":\"ReadAction\",\"target\":[\"http:\/\/www.utkukitap.com\/index.php\/product\/tyt-siniflandirilmis-problemler-soru-bankasi\/\"]}]},{\"@type\":\"ImageObject\",\"inLanguage\":\"tr\",\"@id\":\"http:\/\/www.utkukitap.com\/index.php\/product\/tyt-siniflandirilmis-problemler-soru-bankasi\/#primaryimage\",\"url\":\"http:\/\/www.utkukitap.com\/wp-content\/uploads\/2025\/03\/PROBLEMLER-KTP-KPK-2024RKLM2.png\",\"contentUrl\":\"http:\/\/www.utkukitap.com\/wp-content\/uploads\/2025\/03\/PROBLEMLER-KTP-KPK-2024RKLM2.png\",\"width\":1314,\"height\":1783},{\"@type\":\"BreadcrumbList\",\"@id\":\"http:\/\/www.utkukitap.com\/index.php\/product\/tyt-siniflandirilmis-problemler-soru-bankasi\/#breadcrumb\",\"itemListElement\":[{\"@type\":\"ListItem\",\"position\":1,\"name\":\"Anasayfa\",\"item\":\"http:\/\/www.utkukitap.com\/\"},{\"@type\":\"ListItem\",\"position\":2,\"name\":\"Yay\u0131nlar\",\"item\":\"http:\/\/www.utkukitap.com\/index.php\/yayinlar\/\"},{\"@type\":\"ListItem\",\"position\":3,\"name\":\"TYT SINIFLANDIRILMI\u015e PROBLEMLER SORU BANKASI\"}]},{\"@type\":\"WebSite\",\"@id\":\"http:\/\/www.utkukitap.com\/#website\",\"url\":\"http:\/\/www.utkukitap.com\/\",\"name\":\"Utku Kitap\",\"description\":\"Utku Kitap Yay\u0131nc\u0131l\u0131k\",\"publisher\":{\"@id\":\"http:\/\/www.utkukitap.com\/#organization\"},\"potentialAction\":[{\"@type\":\"SearchAction\",\"target\":{\"@type\":\"EntryPoint\",\"urlTemplate\":\"http:\/\/www.utkukitap.com\/?s={search_term_string}\"},\"query-input\":{\"@type\":\"PropertyValueSpecification\",\"valueRequired\":true,\"valueName\":\"search_term_string\"}}],\"inLanguage\":\"tr\"},{\"@type\":\"Organization\",\"@id\":\"http:\/\/www.utkukitap.com\/#organization\",\"name\":\"Utku Kitap\",\"url\":\"http:\/\/www.utkukitap.com\/\",\"logo\":{\"@type\":\"ImageObject\",\"inLanguage\":\"tr\",\"@id\":\"http:\/\/www.utkukitap.com\/#\/schema\/logo\/image\/\",\"url\":\"http:\/\/www.utkukitap.com\/wp-content\/uploads\/2025\/02\/cropped-Varlik-1.png\",\"contentUrl\":\"http:\/\/www.utkukitap.com\/wp-content\/uploads\/2025\/02\/cropped-Varlik-1.png\",\"width\":534,\"height\":190,\"caption\":\"Utku Kitap\"},\"image\":{\"@id\":\"http:\/\/www.utkukitap.com\/#\/schema\/logo\/image\/\"}}]}<\/script>\n<!-- \/ Yoast SEO plugin. -->","yoast_head_json":{"title":"TYT SINIFLANDIRILMI\u015e PROBLEMLER SORU BANKASI - Utku Kitap","description":"TYT S\u0131n\u0131fland\u0131r\u0131lm\u0131\u015f Problemler Soru Bankas\u0131, problemleri \u00e7\u00f6zme becerilerini geli\u015ftirmek i\u00e7in \u00f6zel olarak tasarlanm\u0131\u015f bir kaynak olup, say\u0131sal, s\u00f6zel ve g\u00f6rsel zekay\u0131 geli\u015ftiren s\u0131n\u0131fland\u0131r\u0131lm\u0131\u015f soru format\u0131 ile haz\u0131rlanm\u0131\u015ft\u0131r. Tamam\u0131 video \u00e7\u00f6z\u00fcml\u00fc yeni nesil sorular, kesir problemleri ve problem \u00e7\u00f6zme tekniklerine y\u00f6nelik \u00f6zel i\u00e7erikler i\u00e7ermektedir.","robots":{"index":"index","follow":"follow","max-snippet":"max-snippet:-1","max-image-preview":"max-image-preview:large","max-video-preview":"max-video-preview:-1"},"canonical":"http:\/\/www.utkukitap.com\/index.php\/product\/tyt-siniflandirilmis-problemler-soru-bankasi\/","og_locale":"tr_TR","og_type":"article","og_title":"TYT SINIFLANDIRILMI\u015e PROBLEMLER SORU BANKASI - Utku Kitap","og_description":"TYT S\u0131n\u0131fland\u0131r\u0131lm\u0131\u015f Problemler Soru Bankas\u0131, problemleri \u00e7\u00f6zme becerilerini geli\u015ftirmek i\u00e7in \u00f6zel olarak tasarlanm\u0131\u015f bir kaynak olup, say\u0131sal, s\u00f6zel ve g\u00f6rsel zekay\u0131 geli\u015ftiren s\u0131n\u0131fland\u0131r\u0131lm\u0131\u015f soru format\u0131 ile haz\u0131rlanm\u0131\u015ft\u0131r. Tamam\u0131 video \u00e7\u00f6z\u00fcml\u00fc yeni nesil sorular, kesir problemleri ve problem \u00e7\u00f6zme tekniklerine y\u00f6nelik \u00f6zel i\u00e7erikler i\u00e7ermektedir.","og_url":"http:\/\/www.utkukitap.com\/index.php\/product\/tyt-siniflandirilmis-problemler-soru-bankasi\/","og_site_name":"Utku Kitap","og_image":[{"width":755,"height":1024,"url":"http:\/\/www.utkukitap.com\/wp-content\/uploads\/2025\/03\/PROBLEMLER-KTP-KPK-2024RKLM2-755x1024.png","type":"image\/png"}],"twitter_card":"summary_large_image","twitter_misc":{"Tahmini okuma s\u00fcresi":"3 dakika"},"schema":{"@context":"https:\/\/schema.org","@graph":[{"@type":"WebPage","@id":"http:\/\/www.utkukitap.com\/index.php\/product\/tyt-siniflandirilmis-problemler-soru-bankasi\/","url":"http:\/\/www.utkukitap.com\/index.php\/product\/tyt-siniflandirilmis-problemler-soru-bankasi\/","name":"TYT SINIFLANDIRILMI\u015e PROBLEMLER SORU BANKASI - Utku Kitap","isPartOf":{"@id":"http:\/\/www.utkukitap.com\/#website"},"primaryImageOfPage":{"@id":"http:\/\/www.utkukitap.com\/index.php\/product\/tyt-siniflandirilmis-problemler-soru-bankasi\/#primaryimage"},"image":{"@id":"http:\/\/www.utkukitap.com\/index.php\/product\/tyt-siniflandirilmis-problemler-soru-bankasi\/#primaryimage"},"thumbnailUrl":"http:\/\/www.utkukitap.com\/wp-content\/uploads\/2025\/03\/PROBLEMLER-KTP-KPK-2024RKLM2.png","datePublished":"2025-03-23T19:55:17+00:00","description":"TYT S\u0131n\u0131fland\u0131r\u0131lm\u0131\u015f Problemler Soru Bankas\u0131, problemleri \u00e7\u00f6zme becerilerini geli\u015ftirmek i\u00e7in \u00f6zel olarak tasarlanm\u0131\u015f bir kaynak olup, say\u0131sal, s\u00f6zel ve g\u00f6rsel zekay\u0131 geli\u015ftiren s\u0131n\u0131fland\u0131r\u0131lm\u0131\u015f soru format\u0131 ile haz\u0131rlanm\u0131\u015ft\u0131r. Tamam\u0131 video \u00e7\u00f6z\u00fcml\u00fc yeni nesil sorular, kesir problemleri ve problem \u00e7\u00f6zme tekniklerine y\u00f6nelik \u00f6zel i\u00e7erikler i\u00e7ermektedir.","breadcrumb":{"@id":"http:\/\/www.utkukitap.com\/index.php\/product\/tyt-siniflandirilmis-problemler-soru-bankasi\/#breadcrumb"},"inLanguage":"tr","potentialAction":[{"@type":"ReadAction","target":["http:\/\/www.utkukitap.com\/index.php\/product\/tyt-siniflandirilmis-problemler-soru-bankasi\/"]}]},{"@type":"ImageObject","inLanguage":"tr","@id":"http:\/\/www.utkukitap.com\/index.php\/product\/tyt-siniflandirilmis-problemler-soru-bankasi\/#primaryimage","url":"http:\/\/www.utkukitap.com\/wp-content\/uploads\/2025\/03\/PROBLEMLER-KTP-KPK-2024RKLM2.png","contentUrl":"http:\/\/www.utkukitap.com\/wp-content\/uploads\/2025\/03\/PROBLEMLER-KTP-KPK-2024RKLM2.png","width":1314,"height":1783},{"@type":"BreadcrumbList","@id":"http:\/\/www.utkukitap.com\/index.php\/product\/tyt-siniflandirilmis-problemler-soru-bankasi\/#breadcrumb","itemListElement":[{"@type":"ListItem","position":1,"name":"Anasayfa","item":"http:\/\/www.utkukitap.com\/"},{"@type":"ListItem","position":2,"name":"Yay\u0131nlar","item":"http:\/\/www.utkukitap.com\/index.php\/yayinlar\/"},{"@type":"ListItem","position":3,"name":"TYT SINIFLANDIRILMI\u015e PROBLEMLER SORU BANKASI"}]},{"@type":"WebSite","@id":"http:\/\/www.utkukitap.com\/#website","url":"http:\/\/www.utkukitap.com\/","name":"Utku Kitap","description":"Utku Kitap Yay\u0131nc\u0131l\u0131k","publisher":{"@id":"http:\/\/www.utkukitap.com\/#organization"},"potentialAction":[{"@type":"SearchAction","target":{"@type":"EntryPoint","urlTemplate":"http:\/\/www.utkukitap.com\/?s={search_term_string}"},"query-input":{"@type":"PropertyValueSpecification","valueRequired":true,"valueName":"search_term_string"}}],"inLanguage":"tr"},{"@type":"Organization","@id":"http:\/\/www.utkukitap.com\/#organization","name":"Utku Kitap","url":"http:\/\/www.utkukitap.com\/","logo":{"@type":"ImageObject","inLanguage":"tr","@id":"http:\/\/www.utkukitap.com\/#\/schema\/logo\/image\/","url":"http:\/\/www.utkukitap.com\/wp-content\/uploads\/2025\/02\/cropped-Varlik-1.png","contentUrl":"http:\/\/www.utkukitap.com\/wp-content\/uploads\/2025\/02\/cropped-Varlik-1.png","width":534,"height":190,"caption":"Utku Kitap"},"image":{"@id":"http:\/\/www.utkukitap.com\/#\/schema\/logo\/image\/"}}]}},"_links":{"self":[{"href":"http:\/\/www.utkukitap.com\/index.php\/wp-json\/wp\/v2\/product\/9542","targetHints":{"allow":["GET"]}}],"collection":[{"href":"http:\/\/www.utkukitap.com\/index.php\/wp-json\/wp\/v2\/product"}],"about":[{"href":"http:\/\/www.utkukitap.com\/index.php\/wp-json\/wp\/v2\/types\/product"}],"wp:featuredmedia":[{"embeddable":true,"href":"http:\/\/www.utkukitap.com\/index.php\/wp-json\/wp\/v2\/media\/9543"}],"wp:attachment":[{"href":"http:\/\/www.utkukitap.com\/index.php\/wp-json\/wp\/v2\/media?parent=9542"}],"wp:term":[{"taxonomy":"product_cat","embeddable":true,"href":"http:\/\/www.utkukitap.com\/index.php\/wp-json\/wp\/v2\/product_cat?post=9542"},{"taxonomy":"product_tag","embeddable":true,"href":"http:\/\/www.utkukitap.com\/index.php\/wp-json\/wp\/v2\/product_tag?post=9542"}],"curies":[{"name":"wp","href":"https:\/\/api.w.org\/{rel}","templated":true}]}}