{"id":9565,"date":"2025-03-23T20:33:01","date_gmt":"2025-03-23T20:33:01","guid":{"rendered":"http:\/\/www.utkukitap.com\/?post_type=product&#038;p=9565"},"modified":"2025-03-23T20:33:02","modified_gmt":"2025-03-23T20:33:02","slug":"tyt-tarih-gis-soru-bankasi","status":"publish","type":"product","link":"http:\/\/www.utkukitap.com\/index.php\/product\/tyt-tarih-gis-soru-bankasi\/","title":{"rendered":"TYT Tarih GIS Soru Bankas\u0131"},"content":{"rendered":"<p class=\"\" data-start=\"38\" data-end=\"294\">\ud83d\udcd8 <strong data-start=\"41\" data-end=\"54\">\u00dcr\u00fcn Ad\u0131:<\/strong> TYT Tarih GIS Soru Bankas\u0131<br data-start=\"81\" data-end=\"84\" \/>\ud83c\udfeb <strong data-start=\"87\" data-end=\"97\">S\u0131nav:<\/strong> TYT (Temel Yeterlilik Testi)<br data-start=\"126\" data-end=\"129\" \/>\ud83d\udcd6 <strong data-start=\"132\" data-end=\"145\">Kategori:<\/strong> Soru Bankas\u0131<br data-start=\"158\" data-end=\"161\" \/>\ud83d\udcda <strong data-start=\"164\" data-end=\"177\">Yay\u0131nevi:<\/strong> \u00d6zdebir Yay\u0131nlar\u0131<br data-start=\"195\" data-end=\"198\" data-is-only-node=\"\" \/>\ud83d\udccf <strong data-start=\"201\" data-end=\"210\">Ebat:<\/strong> Standart kitap boyutu<br data-start=\"232\" data-end=\"235\" \/>\ud83d\udcc4 <strong data-start=\"238\" data-end=\"253\">Kapak T\u00fcr\u00fc:<\/strong> Ku\u015fe Kapak<br data-start=\"264\" data-end=\"267\" \/>\ud83c\udf08 <strong data-start=\"270\" data-end=\"285\">Bask\u0131 T\u00fcr\u00fc:<\/strong> Renkli<\/p>\n<h3 class=\"\" data-start=\"296\" data-end=\"322\"><strong data-start=\"300\" data-end=\"320\">\u00dcr\u00fcn A\u00e7\u0131klamas\u0131:<\/strong><\/h3>\n<p class=\"\" data-start=\"323\" data-end=\"597\">TYT Tarih GIS Soru Bankas\u0131, <strong data-start=\"351\" data-end=\"464\">\u00d6SYM soru format\u0131na birebir uyumlu, tarih konular\u0131n\u0131 kavratmaya y\u00f6nelik \u00f6zel olarak haz\u0131rlanm\u0131\u015f bir kaynakt\u0131r<\/strong>. <strong data-start=\"466\" data-end=\"497\">Geli\u015fim \u0130zleme Serisi (GIS)<\/strong> ile \u00f6\u011frenciler <strong data-start=\"513\" data-end=\"594\">kendi seviyelerini analiz ederek tarih dersinde eksiklerini tamamlayabilirler<\/strong>.<\/p>\n<p class=\"\" data-start=\"599\" data-end=\"885\">\ud83d\udcda <strong data-start=\"602\" data-end=\"620\">Kitap \u0130\u00e7eri\u011fi:<\/strong><br data-start=\"620\" data-end=\"623\" \/>\u2705 <strong data-start=\"625\" data-end=\"664\">\u00d6SYM format\u0131na uygun tarih sorular\u0131<\/strong><br data-start=\"664\" data-end=\"667\" \/>\u2705 <strong data-start=\"669\" data-end=\"707\">Kazan\u0131m odakl\u0131 ve kapsaml\u0131 testler<\/strong><br data-start=\"707\" data-end=\"710\" \/>\u2705 <strong data-start=\"712\" data-end=\"764\">Yeni nesil, analitik ve yorum gerektiren sorular<\/strong><br data-start=\"764\" data-end=\"767\" \/>\u2705 <strong data-start=\"769\" data-end=\"800\">Tamam\u0131 video \u00e7\u00f6z\u00fcml\u00fc i\u00e7erik<\/strong><br data-start=\"800\" data-end=\"803\" data-is-only-node=\"\" \/>\u2705 <strong data-start=\"805\" data-end=\"836\">Ak\u0131ll\u0131 tahta uyumlu testler<\/strong><br data-start=\"836\" data-end=\"839\" \/>\u2705 <strong data-start=\"841\" data-end=\"883\">\u00d6\u011frenmeyi destekleyen geli\u015fim testleri<\/strong><\/p>\n<h3 class=\"\" data-start=\"887\" data-end=\"927\"><strong data-start=\"891\" data-end=\"925\">Kitab\u0131n \u00d6ne \u00c7\u0131kan \u00d6zellikleri:<\/strong><\/h3>\n<p class=\"\" data-start=\"928\" data-end=\"1359\">\u2714\ufe0f <strong data-start=\"931\" data-end=\"956\">\u00d6SYM Format\u0131na Uygun:<\/strong> <strong data-start=\"957\" data-end=\"1001\">Ger\u00e7ek s\u0131nav format\u0131na birebir uyumludur<\/strong>.<br data-start=\"1002\" data-end=\"1005\" \/>\u2714\ufe0f <strong data-start=\"1008\" data-end=\"1034\">Kazan\u0131m Odakl\u0131 \u0130\u00e7erik:<\/strong> <strong data-start=\"1035\" data-end=\"1092\">Tarih konular\u0131n\u0131 detayl\u0131 ve anla\u015f\u0131l\u0131r \u015fekilde a\u00e7\u0131klar<\/strong>.<br data-start=\"1093\" data-end=\"1096\" \/>\u2714\ufe0f <strong data-start=\"1099\" data-end=\"1122\">Yeni Nesil Sorular:<\/strong> <strong data-start=\"1123\" data-end=\"1183\">Bilgiyi yorumlama ve analiz etme becerilerini geli\u015ftirir<\/strong>.<br data-start=\"1184\" data-end=\"1187\" \/>\u2714\ufe0f <strong data-start=\"1190\" data-end=\"1210\">Video \u00c7\u00f6z\u00fcmleri:<\/strong> <strong data-start=\"1211\" data-end=\"1260\">Zor sorular i\u00e7in ayr\u0131nt\u0131l\u0131 a\u00e7\u0131klamalar i\u00e7erir<\/strong>.<br data-start=\"1261\" data-end=\"1264\" \/>\u2714\ufe0f <strong data-start=\"1267\" data-end=\"1291\">Ak\u0131ll\u0131 Tahta Uyumlu:<\/strong> <strong data-start=\"1292\" data-end=\"1356\">Okullarda ve kurs merkezlerinde s\u0131n\u0131f i\u00e7i kullan\u0131ma uygundur<\/strong>.<\/p>\n<p class=\"\" data-start=\"1361\" data-end=\"1611\">\ud83c\udfaf <strong data-start=\"1364\" data-end=\"1389\">Kimler \u0130\u00e7in Uygundur?<\/strong><br data-start=\"1389\" data-end=\"1392\" \/>\u2705 TYT Tarih dersinde eksiklerini tamamlamak isteyen \u00f6\u011frenciler<br data-start=\"1454\" data-end=\"1457\" \/>\u2705 Konular\u0131n\u0131 peki\u015ftirmek ve s\u0131nava haz\u0131rl\u0131k s\u00fcrecinde kendini test etmek isteyenler<br data-start=\"1540\" data-end=\"1543\" \/>\u2705 \u00d6SYM\u2019nin yeni nesil soru tarz\u0131na uygun sorular \u00e7\u00f6zmek isteyenler<\/p>\n<p class=\"\" data-start=\"1613\" data-end=\"1866\">\ud83d\uded2 <strong data-start=\"1616\" data-end=\"1659\">Utku Kitap Ayr\u0131cal\u0131klar\u0131yla Sat\u0131n Al\u0131n!<\/strong><br data-start=\"1659\" data-end=\"1662\" \/>Utku Kitap olarak, <strong data-start=\"1681\" data-end=\"1753\">\u00f6\u011frenciler ve e\u011fitim kurumlar\u0131 i\u00e7in en kaliteli kaynaklar\u0131 sunuyoruz<\/strong>. Okullara ve kurslara <strong data-start=\"1776\" data-end=\"1800\">toplu tedarik imkan\u0131<\/strong> sa\u011flayarak <strong data-start=\"1812\" data-end=\"1844\">h\u0131zl\u0131 ve g\u00fcvenilir al\u0131\u015fveri\u015f<\/strong> deneyimi sunuyoruz.<\/p>\n<p class=\"\" data-start=\"1868\" data-end=\"1933\">\ud83d\udce6 <strong data-start=\"1871\" data-end=\"1905\">Sipari\u015f ve Detayl\u0131 Bilgi \u0130\u00e7in:<\/strong><br data-start=\"1905\" data-end=\"1908\" \/>\ud83d\udc49 <a rel=\"noopener\" data-start=\"1911\" data-end=\"1933\" data-is-last-node=\"\">www.utkukitap.com<\/a><\/p>\n","protected":false},"excerpt":{"rendered":"<p>TYT Tarih GIS Soru Bankas\u0131, <strong data-start=\"351\" data-end=\"464\">\u00d6SYM soru format\u0131na birebir uyumlu, tarih konular\u0131n\u0131 kavratmaya y\u00f6nelik \u00f6zel olarak haz\u0131rlanm\u0131\u015f bir kaynakt\u0131r<\/strong>. <strong data-start=\"466\" data-end=\"497\">Geli\u015fim \u0130zleme Serisi (GIS)<\/strong> ile \u00f6\u011frenciler <strong data-start=\"513\" data-end=\"594\">kendi seviyelerini analiz ederek tarih dersinde eksiklerini tamamlayabilirler<\/strong>.<\/p>\n","protected":false},"featured_media":9566,"template":"","meta":{"_price":"","_stock":null,"_tribe_ticket_header":"","_tribe_default_ticket_provider":"","_tribe_ticket_capacity":"0","_ticket_start_date":"","_ticket_end_date":"","_tribe_ticket_show_description":"","_tribe_ticket_show_not_going":false,"_tribe_ticket_use_global_stock":"","_tribe_ticket_global_stock_level":"","_global_stock_mode":"","_global_stock_cap":"","_tribe_rsvp_for_event":"","_tribe_ticket_going_count":"","_tribe_ticket_not_going_count":"","_tribe_tickets_list":"[]","_tribe_ticket_has_attendee_info_fields":false},"product_cat":[81],"product_tag":[150,161,96,159,160],"class_list":{"0":"post-9565","1":"product","2":"type-product","3":"status-publish","4":"has-post-thumbnail","6":"product_brand-ozdebir-yayinlari","7":"product_cat-tyt","8":"product_tag-gis-soru-bankasi","9":"product_tag-tarih-gis-soru-bankasi","10":"product_tag-tyt","11":"product_tag-tyt-tarih","12":"product_tag-tyt-tarih-gis-soru-bankasi","14":"first","15":"instock","16":"virtual","17":"taxable","18":"product-type-simple"},"yoast_head":"<!-- This site is optimized with the Yoast SEO plugin v26.8 - https:\/\/yoast.com\/product\/yoast-seo-wordpress\/ -->\n<title>TYT Tarih GIS Soru Bankas\u0131 - Utku Kitap<\/title>\n<meta name=\"description\" content=\"TYT Tarih GIS Soru Bankas\u0131, \u00d6SYM soru format\u0131na birebir uyumlu, tarih konular\u0131n\u0131 kavratmaya y\u00f6nelik \u00f6zel olarak haz\u0131rlanm\u0131\u015f bir kaynakt\u0131r. Geli\u015fim \u0130zleme Serisi (GIS) ile \u00f6\u011frenciler kendi seviyelerini analiz ederek tarih dersinde eksiklerini tamamlayabilirler.\" \/>\n<meta name=\"robots\" content=\"index, follow, max-snippet:-1, max-image-preview:large, max-video-preview:-1\" \/>\n<link rel=\"canonical\" href=\"https:\/\/www.utkukitap.com\/index.php\/product\/tyt-tarih-gis-soru-bankasi\/\" \/>\n<meta property=\"og:locale\" content=\"tr_TR\" \/>\n<meta property=\"og:type\" content=\"article\" \/>\n<meta property=\"og:title\" content=\"TYT Tarih GIS Soru Bankas\u0131 - Utku Kitap\" \/>\n<meta property=\"og:description\" content=\"TYT Tarih GIS Soru Bankas\u0131, \u00d6SYM soru format\u0131na birebir uyumlu, tarih konular\u0131n\u0131 kavratmaya y\u00f6nelik \u00f6zel olarak haz\u0131rlanm\u0131\u015f bir kaynakt\u0131r. Geli\u015fim \u0130zleme Serisi (GIS) ile \u00f6\u011frenciler kendi seviyelerini analiz ederek tarih dersinde eksiklerini tamamlayabilirler.\" \/>\n<meta property=\"og:url\" content=\"https:\/\/www.utkukitap.com\/index.php\/product\/tyt-tarih-gis-soru-bankasi\/\" \/>\n<meta property=\"og:site_name\" content=\"Utku Kitap\" \/>\n<meta property=\"article:modified_time\" content=\"2025-03-23T20:33:02+00:00\" \/>\n<meta property=\"og:image\" content=\"https:\/\/www.utkukitap.com\/wp-content\/uploads\/2025\/03\/TYT-GIS-TARIH-RKLM.webp\" \/>\n\t<meta property=\"og:image:width\" content=\"1337\" \/>\n\t<meta property=\"og:image:height\" content=\"1794\" \/>\n\t<meta property=\"og:image:type\" content=\"image\/webp\" \/>\n<meta name=\"twitter:card\" content=\"summary_large_image\" \/>\n<meta name=\"twitter:label1\" content=\"Tahmini okuma s\u00fcresi\" \/>\n\t<meta name=\"twitter:data1\" content=\"2 dakika\" \/>\n<script type=\"application\/ld+json\" class=\"yoast-schema-graph\">{\"@context\":\"https:\/\/schema.org\",\"@graph\":[{\"@type\":\"WebPage\",\"@id\":\"https:\/\/www.utkukitap.com\/index.php\/product\/tyt-tarih-gis-soru-bankasi\/\",\"url\":\"https:\/\/www.utkukitap.com\/index.php\/product\/tyt-tarih-gis-soru-bankasi\/\",\"name\":\"TYT Tarih GIS Soru Bankas\u0131 - Utku Kitap\",\"isPartOf\":{\"@id\":\"http:\/\/www.utkukitap.com\/#website\"},\"primaryImageOfPage\":{\"@id\":\"https:\/\/www.utkukitap.com\/index.php\/product\/tyt-tarih-gis-soru-bankasi\/#primaryimage\"},\"image\":{\"@id\":\"https:\/\/www.utkukitap.com\/index.php\/product\/tyt-tarih-gis-soru-bankasi\/#primaryimage\"},\"thumbnailUrl\":\"http:\/\/www.utkukitap.com\/wp-content\/uploads\/2025\/03\/TYT-GIS-TARIH-RKLM.webp\",\"datePublished\":\"2025-03-23T20:33:01+00:00\",\"dateModified\":\"2025-03-23T20:33:02+00:00\",\"description\":\"TYT Tarih GIS Soru Bankas\u0131, \u00d6SYM soru format\u0131na birebir uyumlu, tarih konular\u0131n\u0131 kavratmaya y\u00f6nelik \u00f6zel olarak haz\u0131rlanm\u0131\u015f bir kaynakt\u0131r. Geli\u015fim \u0130zleme Serisi (GIS) ile \u00f6\u011frenciler kendi seviyelerini analiz ederek tarih dersinde eksiklerini tamamlayabilirler.\",\"breadcrumb\":{\"@id\":\"https:\/\/www.utkukitap.com\/index.php\/product\/tyt-tarih-gis-soru-bankasi\/#breadcrumb\"},\"inLanguage\":\"tr\",\"potentialAction\":[{\"@type\":\"ReadAction\",\"target\":[\"https:\/\/www.utkukitap.com\/index.php\/product\/tyt-tarih-gis-soru-bankasi\/\"]}]},{\"@type\":\"ImageObject\",\"inLanguage\":\"tr\",\"@id\":\"https:\/\/www.utkukitap.com\/index.php\/product\/tyt-tarih-gis-soru-bankasi\/#primaryimage\",\"url\":\"http:\/\/www.utkukitap.com\/wp-content\/uploads\/2025\/03\/TYT-GIS-TARIH-RKLM.webp\",\"contentUrl\":\"http:\/\/www.utkukitap.com\/wp-content\/uploads\/2025\/03\/TYT-GIS-TARIH-RKLM.webp\",\"width\":1337,\"height\":1794},{\"@type\":\"BreadcrumbList\",\"@id\":\"https:\/\/www.utkukitap.com\/index.php\/product\/tyt-tarih-gis-soru-bankasi\/#breadcrumb\",\"itemListElement\":[{\"@type\":\"ListItem\",\"position\":1,\"name\":\"Anasayfa\",\"item\":\"http:\/\/www.utkukitap.com\/\"},{\"@type\":\"ListItem\",\"position\":2,\"name\":\"Yay\u0131nlar\",\"item\":\"http:\/\/www.utkukitap.com\/index.php\/yayinlar\/\"},{\"@type\":\"ListItem\",\"position\":3,\"name\":\"TYT Tarih GIS Soru Bankas\u0131\"}]},{\"@type\":\"WebSite\",\"@id\":\"http:\/\/www.utkukitap.com\/#website\",\"url\":\"http:\/\/www.utkukitap.com\/\",\"name\":\"Utku Kitap\",\"description\":\"Utku Kitap Yay\u0131nc\u0131l\u0131k\",\"publisher\":{\"@id\":\"http:\/\/www.utkukitap.com\/#organization\"},\"potentialAction\":[{\"@type\":\"SearchAction\",\"target\":{\"@type\":\"EntryPoint\",\"urlTemplate\":\"http:\/\/www.utkukitap.com\/?s={search_term_string}\"},\"query-input\":{\"@type\":\"PropertyValueSpecification\",\"valueRequired\":true,\"valueName\":\"search_term_string\"}}],\"inLanguage\":\"tr\"},{\"@type\":\"Organization\",\"@id\":\"http:\/\/www.utkukitap.com\/#organization\",\"name\":\"Utku Kitap\",\"url\":\"http:\/\/www.utkukitap.com\/\",\"logo\":{\"@type\":\"ImageObject\",\"inLanguage\":\"tr\",\"@id\":\"http:\/\/www.utkukitap.com\/#\/schema\/logo\/image\/\",\"url\":\"http:\/\/www.utkukitap.com\/wp-content\/uploads\/2025\/02\/cropped-Varlik-1.png\",\"contentUrl\":\"http:\/\/www.utkukitap.com\/wp-content\/uploads\/2025\/02\/cropped-Varlik-1.png\",\"width\":534,\"height\":190,\"caption\":\"Utku Kitap\"},\"image\":{\"@id\":\"http:\/\/www.utkukitap.com\/#\/schema\/logo\/image\/\"}}]}<\/script>\n<!-- \/ Yoast SEO plugin. -->","yoast_head_json":{"title":"TYT Tarih GIS Soru Bankas\u0131 - Utku Kitap","description":"TYT Tarih GIS Soru Bankas\u0131, \u00d6SYM soru format\u0131na birebir uyumlu, tarih konular\u0131n\u0131 kavratmaya y\u00f6nelik \u00f6zel olarak haz\u0131rlanm\u0131\u015f bir kaynakt\u0131r. Geli\u015fim \u0130zleme Serisi (GIS) ile \u00f6\u011frenciler kendi seviyelerini analiz ederek tarih dersinde eksiklerini tamamlayabilirler.","robots":{"index":"index","follow":"follow","max-snippet":"max-snippet:-1","max-image-preview":"max-image-preview:large","max-video-preview":"max-video-preview:-1"},"canonical":"https:\/\/www.utkukitap.com\/index.php\/product\/tyt-tarih-gis-soru-bankasi\/","og_locale":"tr_TR","og_type":"article","og_title":"TYT Tarih GIS Soru Bankas\u0131 - Utku Kitap","og_description":"TYT Tarih GIS Soru Bankas\u0131, \u00d6SYM soru format\u0131na birebir uyumlu, tarih konular\u0131n\u0131 kavratmaya y\u00f6nelik \u00f6zel olarak haz\u0131rlanm\u0131\u015f bir kaynakt\u0131r. Geli\u015fim \u0130zleme Serisi (GIS) ile \u00f6\u011frenciler kendi seviyelerini analiz ederek tarih dersinde eksiklerini tamamlayabilirler.","og_url":"https:\/\/www.utkukitap.com\/index.php\/product\/tyt-tarih-gis-soru-bankasi\/","og_site_name":"Utku Kitap","article_modified_time":"2025-03-23T20:33:02+00:00","og_image":[{"width":1337,"height":1794,"url":"https:\/\/www.utkukitap.com\/wp-content\/uploads\/2025\/03\/TYT-GIS-TARIH-RKLM.webp","type":"image\/webp"}],"twitter_card":"summary_large_image","twitter_misc":{"Tahmini okuma s\u00fcresi":"2 dakika"},"schema":{"@context":"https:\/\/schema.org","@graph":[{"@type":"WebPage","@id":"https:\/\/www.utkukitap.com\/index.php\/product\/tyt-tarih-gis-soru-bankasi\/","url":"https:\/\/www.utkukitap.com\/index.php\/product\/tyt-tarih-gis-soru-bankasi\/","name":"TYT Tarih GIS Soru Bankas\u0131 - Utku Kitap","isPartOf":{"@id":"http:\/\/www.utkukitap.com\/#website"},"primaryImageOfPage":{"@id":"https:\/\/www.utkukitap.com\/index.php\/product\/tyt-tarih-gis-soru-bankasi\/#primaryimage"},"image":{"@id":"https:\/\/www.utkukitap.com\/index.php\/product\/tyt-tarih-gis-soru-bankasi\/#primaryimage"},"thumbnailUrl":"http:\/\/www.utkukitap.com\/wp-content\/uploads\/2025\/03\/TYT-GIS-TARIH-RKLM.webp","datePublished":"2025-03-23T20:33:01+00:00","dateModified":"2025-03-23T20:33:02+00:00","description":"TYT Tarih GIS Soru Bankas\u0131, \u00d6SYM soru format\u0131na birebir uyumlu, tarih konular\u0131n\u0131 kavratmaya y\u00f6nelik \u00f6zel olarak haz\u0131rlanm\u0131\u015f bir kaynakt\u0131r. Geli\u015fim \u0130zleme Serisi (GIS) ile \u00f6\u011frenciler kendi seviyelerini analiz ederek tarih dersinde eksiklerini tamamlayabilirler.","breadcrumb":{"@id":"https:\/\/www.utkukitap.com\/index.php\/product\/tyt-tarih-gis-soru-bankasi\/#breadcrumb"},"inLanguage":"tr","potentialAction":[{"@type":"ReadAction","target":["https:\/\/www.utkukitap.com\/index.php\/product\/tyt-tarih-gis-soru-bankasi\/"]}]},{"@type":"ImageObject","inLanguage":"tr","@id":"https:\/\/www.utkukitap.com\/index.php\/product\/tyt-tarih-gis-soru-bankasi\/#primaryimage","url":"http:\/\/www.utkukitap.com\/wp-content\/uploads\/2025\/03\/TYT-GIS-TARIH-RKLM.webp","contentUrl":"http:\/\/www.utkukitap.com\/wp-content\/uploads\/2025\/03\/TYT-GIS-TARIH-RKLM.webp","width":1337,"height":1794},{"@type":"BreadcrumbList","@id":"https:\/\/www.utkukitap.com\/index.php\/product\/tyt-tarih-gis-soru-bankasi\/#breadcrumb","itemListElement":[{"@type":"ListItem","position":1,"name":"Anasayfa","item":"http:\/\/www.utkukitap.com\/"},{"@type":"ListItem","position":2,"name":"Yay\u0131nlar","item":"http:\/\/www.utkukitap.com\/index.php\/yayinlar\/"},{"@type":"ListItem","position":3,"name":"TYT Tarih GIS Soru Bankas\u0131"}]},{"@type":"WebSite","@id":"http:\/\/www.utkukitap.com\/#website","url":"http:\/\/www.utkukitap.com\/","name":"Utku Kitap","description":"Utku Kitap Yay\u0131nc\u0131l\u0131k","publisher":{"@id":"http:\/\/www.utkukitap.com\/#organization"},"potentialAction":[{"@type":"SearchAction","target":{"@type":"EntryPoint","urlTemplate":"http:\/\/www.utkukitap.com\/?s={search_term_string}"},"query-input":{"@type":"PropertyValueSpecification","valueRequired":true,"valueName":"search_term_string"}}],"inLanguage":"tr"},{"@type":"Organization","@id":"http:\/\/www.utkukitap.com\/#organization","name":"Utku Kitap","url":"http:\/\/www.utkukitap.com\/","logo":{"@type":"ImageObject","inLanguage":"tr","@id":"http:\/\/www.utkukitap.com\/#\/schema\/logo\/image\/","url":"http:\/\/www.utkukitap.com\/wp-content\/uploads\/2025\/02\/cropped-Varlik-1.png","contentUrl":"http:\/\/www.utkukitap.com\/wp-content\/uploads\/2025\/02\/cropped-Varlik-1.png","width":534,"height":190,"caption":"Utku Kitap"},"image":{"@id":"http:\/\/www.utkukitap.com\/#\/schema\/logo\/image\/"}}]}},"_links":{"self":[{"href":"http:\/\/www.utkukitap.com\/index.php\/wp-json\/wp\/v2\/product\/9565","targetHints":{"allow":["GET"]}}],"collection":[{"href":"http:\/\/www.utkukitap.com\/index.php\/wp-json\/wp\/v2\/product"}],"about":[{"href":"http:\/\/www.utkukitap.com\/index.php\/wp-json\/wp\/v2\/types\/product"}],"wp:featuredmedia":[{"embeddable":true,"href":"http:\/\/www.utkukitap.com\/index.php\/wp-json\/wp\/v2\/media\/9566"}],"wp:attachment":[{"href":"http:\/\/www.utkukitap.com\/index.php\/wp-json\/wp\/v2\/media?parent=9565"}],"wp:term":[{"taxonomy":"product_cat","embeddable":true,"href":"http:\/\/www.utkukitap.com\/index.php\/wp-json\/wp\/v2\/product_cat?post=9565"},{"taxonomy":"product_tag","embeddable":true,"href":"http:\/\/www.utkukitap.com\/index.php\/wp-json\/wp\/v2\/product_tag?post=9565"}],"curies":[{"name":"wp","href":"https:\/\/api.w.org\/{rel}","templated":true}]}}